{"id":22762,"date":"2024-10-08T02:44:25","date_gmt":"2024-10-08T06:44:25","guid":{"rendered":"https:\/\/www.iqoffices.com\/core-values\/"},"modified":"2025-05-27T00:47:12","modified_gmt":"2025-05-27T04:47:12","slug":"core-values","status":"publish","type":"page","link":"https:\/\/www.iqoffices.com\/fr\/core-values\/","title":{"rendered":"Core Values"},"content":{"rendered":"\t\t<div data-elementor-type=\"wp-page\" data-elementor-id=\"22762\" class=\"elementor elementor-22762 elementor-2595\" data-elementor-post-type=\"page\">\n\t\t\t\t<div class=\"elementor-element elementor-element-76c80ad0 e-flex e-con-boxed e-con e-parent\" data-id=\"76c80ad0\" data-element_type=\"container\" data-settings=\"{&quot;background_background&quot;:&quot;classic&quot;}\">\n\t\t\t\t\t<div class=\"e-con-inner\">\n\t\t\t\t\t<\/div>\n\t\t\t\t<\/div>\n\t\t<div class=\"elementor-element elementor-element-1836025 e-flex e-con-boxed e-con e-parent\" data-id=\"1836025\" data-element_type=\"container\" data-settings=\"{&quot;background_background&quot;:&quot;classic&quot;}\">\n\t\t\t\t\t<div class=\"e-con-inner\">\n\t\t<div class=\"elementor-element elementor-element-e0f8bc0 e-con-full e-flex e-con e-child\" data-id=\"e0f8bc0\" data-element_type=\"container\">\n\t\t\t\t<div class=\"elementor-element elementor-element-c54e9e7 elementor-invisible elementor-widget elementor-widget-heading\" data-id=\"c54e9e7\" data-element_type=\"widget\" data-settings=\"{&quot;_animation&quot;:&quot;fadeInUp&quot;,&quot;_animation_delay&quot;:100}\" data-widget_type=\"heading.default\">\n\t\t\t\t<div class=\"elementor-widget-container\">\n\t\t\t\t\t<h1 class=\"elementor-heading-title elementor-size-default\">Notre engagement envers l\u2019excellence<\/h1>\t\t\t\t<\/div>\n\t\t\t\t<\/div>\n\t\t\t\t<div class=\"elementor-element elementor-element-4634bec elementor-widget__width-initial elementor-invisible elementor-widget elementor-widget-text-editor\" data-id=\"4634bec\" data-element_type=\"widget\" data-settings=\"{&quot;_animation&quot;:&quot;fadeInUp&quot;,&quot;_animation_delay&quot;:200}\" data-widget_type=\"text-editor.default\">\n\t\t\t\t<div class=\"elementor-widget-container\">\n\t\t\t\t\t\t\t\t\tToutes nos actions sont guid\u00e9es par nos valeurs fondamentales: service, design et confidentialit\u00e9. Ces principes sont int\u00e9gr\u00e9s dans chaque d\u00e9tail de nos espaces de travail, cr\u00e9ant ainsi un environnement favorable au d\u00e9veloppement des professionnels. D\u00e9couvrez comment chacune de nos valeurs fa\u00e7onne l\u2019exp\u00e9rience exceptionnelle que nous concevons sur mesure pour votre r\u00e9ussite.\t\t\t\t\t\t\t\t<\/div>\n\t\t\t\t<\/div>\n\t\t\t\t<div class=\"elementor-element elementor-element-3a8dbc0 elementor-align-center elementor-mobile-align-center elementor-widget elementor-widget-button\" data-id=\"3a8dbc0\" data-element_type=\"widget\" data-widget_type=\"button.default\">\n\t\t\t\t<div class=\"elementor-widget-container\">\n\t\t\t\t\t\t\t\t\t<div class=\"elementor-button-wrapper\">\n\t\t\t\t\t<a class=\"elementor-button elementor-button-link elementor-size-sm\" href=\"https:\/\/www.iqoffices.com\/fr\/contact-us\/\">\n\t\t\t\t\t\t<span class=\"elementor-button-content-wrapper\">\n\t\t\t\t\t\t\t\t\t<span class=\"elementor-button-text\">Contactez-nous<\/span>\n\t\t\t\t\t<\/span>\n\t\t\t\t\t<\/a>\n\t\t\t\t<\/div>\n\t\t\t\t\t\t\t\t<\/div>\n\t\t\t\t<\/div>\n\t\t\t\t<\/div>\n\t\t\t\t\t<\/div>\n\t\t\t\t<\/div>\n\t\t<div class=\"elementor-element elementor-element-277e1cd e-flex e-con-boxed e-con e-parent\" data-id=\"277e1cd\" data-element_type=\"container\" data-settings=\"{&quot;background_background&quot;:&quot;classic&quot;}\">\n\t\t\t\t\t<div class=\"e-con-inner\">\n\t\t<div class=\"elementor-element elementor-element-3873be6 e-con-full e-flex e-con e-child\" data-id=\"3873be6\" data-element_type=\"container\">\n\t\t<div class=\"elementor-element elementor-element-62aec1d e-con-full e-flex elementor-invisible e-con e-child\" data-id=\"62aec1d\" data-element_type=\"container\" data-settings=\"{&quot;background_background&quot;:&quot;gradient&quot;,&quot;motion_fx_motion_fx_scrolling&quot;:&quot;yes&quot;,&quot;animation&quot;:&quot;fadeInLeft&quot;,&quot;motion_fx_devices&quot;:[&quot;desktop&quot;,&quot;laptop&quot;,&quot;tablet&quot;,&quot;mobile&quot;]}\">\n\t\t\t\t<div class=\"elementor-element elementor-element-7450025 elementor-widget elementor-widget-heading\" data-id=\"7450025\" data-element_type=\"widget\" data-widget_type=\"heading.default\">\n\t\t\t\t<div class=\"elementor-widget-container\">\n\t\t\t\t\t<h2 class=\"elementor-heading-title elementor-size-default\">Un service sur lequel vous pouvez compter<\/h2>\t\t\t\t<\/div>\n\t\t\t\t<\/div>\n\t\t\t\t<div class=\"elementor-element elementor-element-3dd5505 elementor-widget elementor-widget-text-editor\" data-id=\"3dd5505\" data-element_type=\"widget\" data-widget_type=\"text-editor.default\">\n\t\t\t\t<div class=\"elementor-widget-container\">\n\t\t\t\t\t\t\t\t\tPour nous, le service signifie aller au-del\u00e0 des attentes pour appuyer nos Membres. Nos \u00e9quipes sur place sont l\u00e0 pour vous aider dans les moindres d\u00e9tails, de l\u2019accueil de votre client\u00e8le au soutien technique, afin que vous puissiez vous concentrer sur ce qui compte le plus. D\u00e9couvrez un niveau de service con\u00e7u pour vous aider \u00e0 r\u00e9ussir.\t\t\t\t\t\t\t\t<\/div>\n\t\t\t\t<\/div>\n\t\t\t\t<\/div>\n\t\t<div class=\"elementor-element elementor-element-e883654 e-con-full e-flex elementor-invisible e-con e-child\" data-id=\"e883654\" data-element_type=\"container\" data-settings=\"{&quot;animation&quot;:&quot;fadeInRight&quot;}\">\n\t\t\t\t<div class=\"elementor-element elementor-element-7339594 elementor-widget elementor-widget-image\" data-id=\"7339594\" data-element_type=\"widget\" fetchpriority=\"high\" data-widget_type=\"image.default\">\n\t\t\t\t<div class=\"elementor-widget-container\">\n\t\t\t\t\t\t\t\t\t\t\t\t\t\t\t<img fetchpriority=\"high\" decoding=\"async\" width=\"2048\" height=\"1365\" src=\"https:\/\/www.iqoffices.com\/wp-content\/uploads\/2025\/03\/MJT_27562.webp\" class=\"attachment-full size-full wp-image-22246\" alt=\"\" srcset=\"https:\/\/www.iqoffices.com\/wp-content\/uploads\/2025\/03\/MJT_27562.webp 2048w, https:\/\/www.iqoffices.com\/wp-content\/uploads\/2025\/03\/MJT_27562-300x200.webp 300w, https:\/\/www.iqoffices.com\/wp-content\/uploads\/2025\/03\/MJT_27562-1024x683.webp 1024w, https:\/\/www.iqoffices.com\/wp-content\/uploads\/2025\/03\/MJT_27562-768x512.webp 768w, https:\/\/www.iqoffices.com\/wp-content\/uploads\/2025\/03\/MJT_27562-1536x1024.webp 1536w\" sizes=\"(max-width: 2048px) 100vw, 2048px\" \/>\t\t\t\t\t\t\t\t\t\t\t\t\t\t\t<\/div>\n\t\t\t\t<\/div>\n\t\t\t\t<\/div>\n\t\t\t\t<\/div>\n\t\t<div class=\"elementor-element elementor-element-070118b e-con-full e-flex e-con e-child\" data-id=\"070118b\" data-element_type=\"container\">\n\t\t<div class=\"elementor-element elementor-element-0f0892e e-con-full e-flex elementor-invisible e-con e-child\" data-id=\"0f0892e\" data-element_type=\"container\" data-settings=\"{&quot;background_background&quot;:&quot;gradient&quot;,&quot;motion_fx_motion_fx_scrolling&quot;:&quot;yes&quot;,&quot;animation&quot;:&quot;fadeInRight&quot;,&quot;motion_fx_devices&quot;:[&quot;desktop&quot;,&quot;laptop&quot;,&quot;tablet&quot;,&quot;mobile&quot;]}\">\n\t\t\t\t<div class=\"elementor-element elementor-element-b25c441 elementor-widget elementor-widget-heading\" data-id=\"b25c441\" data-element_type=\"widget\" data-widget_type=\"heading.default\">\n\t\t\t\t<div class=\"elementor-widget-container\">\n\t\t\t\t\t<h2 class=\"elementor-heading-title elementor-size-default\">Des espaces con\u00e7us avec soin<\/h2>\t\t\t\t<\/div>\n\t\t\t\t<\/div>\n\t\t\t\t<div class=\"elementor-element elementor-element-6b7eea0 elementor-widget elementor-widget-text-editor\" data-id=\"6b7eea0\" data-element_type=\"widget\" data-widget_type=\"text-editor.default\">\n\t\t\t\t<div class=\"elementor-widget-container\">\n\t\t\t\t\t\t\t\t\tLe design des locaux d\u2019Espace\u00a0iQ va au-del\u00e0 de l\u2019esth\u00e9tique: il s\u2019agit de cr\u00e9er des espaces qui inspirent la productivit\u00e9 et la concentration. Nos espaces de travail sont am\u00e9nag\u00e9s avec soin, avec des mat\u00e9riaux de qualit\u00e9, de la lumi\u00e8re naturelle et un mobilier soigneusement s\u00e9lectionn\u00e9, afin de vous garantir un environnement o\u00f9 vous pouvez travailler confortablement et de mani\u00e8re cr\u00e9ative.\t\t\t\t\t\t\t\t<\/div>\n\t\t\t\t<\/div>\n\t\t\t\t<\/div>\n\t\t<div class=\"elementor-element elementor-element-947907e e-con-full e-flex elementor-invisible e-con e-child\" data-id=\"947907e\" data-element_type=\"container\" data-settings=\"{&quot;animation&quot;:&quot;fadeInLeft&quot;}\">\n\t\t\t\t<div class=\"elementor-element elementor-element-b41031e elementor-widget elementor-widget-image\" data-id=\"b41031e\" data-element_type=\"widget\" fetchpriority=\"high\" data-widget_type=\"image.default\">\n\t\t\t\t<div class=\"elementor-widget-container\">\n\t\t\t\t\t\t\t\t\t\t\t\t\t\t\t<img decoding=\"async\" width=\"2048\" height=\"1365\" src=\"https:\/\/www.iqoffices.com\/wp-content\/uploads\/2025\/03\/MJT_0403-1.webp\" class=\"attachment-full size-full wp-image-22245\" alt=\"\" srcset=\"https:\/\/www.iqoffices.com\/wp-content\/uploads\/2025\/03\/MJT_0403-1.webp 2048w, https:\/\/www.iqoffices.com\/wp-content\/uploads\/2025\/03\/MJT_0403-1-300x200.webp 300w, https:\/\/www.iqoffices.com\/wp-content\/uploads\/2025\/03\/MJT_0403-1-1024x683.webp 1024w, https:\/\/www.iqoffices.com\/wp-content\/uploads\/2025\/03\/MJT_0403-1-768x512.webp 768w, https:\/\/www.iqoffices.com\/wp-content\/uploads\/2025\/03\/MJT_0403-1-1536x1024.webp 1536w\" sizes=\"(max-width: 2048px) 100vw, 2048px\" \/>\t\t\t\t\t\t\t\t\t\t\t\t\t\t\t<\/div>\n\t\t\t\t<\/div>\n\t\t\t\t<\/div>\n\t\t\t\t<\/div>\n\t\t<div class=\"elementor-element elementor-element-8f025e7 e-con-full e-flex e-con e-child\" data-id=\"8f025e7\" data-element_type=\"container\">\n\t\t<div class=\"elementor-element elementor-element-68959c4 e-con-full e-flex elementor-invisible e-con e-child\" data-id=\"68959c4\" data-element_type=\"container\" data-settings=\"{&quot;background_background&quot;:&quot;gradient&quot;,&quot;motion_fx_motion_fx_scrolling&quot;:&quot;yes&quot;,&quot;animation&quot;:&quot;fadeInLeft&quot;,&quot;motion_fx_devices&quot;:[&quot;desktop&quot;,&quot;laptop&quot;,&quot;tablet&quot;,&quot;mobile&quot;]}\">\n\t\t\t\t<div class=\"elementor-element elementor-element-1b83ce7 elementor-widget elementor-widget-heading\" data-id=\"1b83ce7\" data-element_type=\"widget\" data-widget_type=\"heading.default\">\n\t\t\t\t<div class=\"elementor-widget-container\">\n\t\t\t\t\t<h2 class=\"elementor-heading-title elementor-size-default\">La confidentialit\u00e9 est notre priorit\u00e9<\/h2>\t\t\t\t<\/div>\n\t\t\t\t<\/div>\n\t\t\t\t<div class=\"elementor-element elementor-element-0f46b9f elementor-widget elementor-widget-text-editor\" data-id=\"0f46b9f\" data-element_type=\"widget\" data-widget_type=\"text-editor.default\">\n\t\t\t\t<div class=\"elementor-widget-container\">\n\t\t\t\t\t\t\t\t\tLa confidentialit\u00e9 est essentielle \u00e0 un espace de travail productif, et Espace\u00a0iQ s\u2019engage \u00e0 vous l\u2019offrir. De l\u2019insonorisation \u00e0 l\u2019acc\u00e8s s\u00e9curis\u00e9, nos espaces sont con\u00e7us pour respecter votre besoin de confidentialit\u00e9, vous permettant ainsi de travailler en toute confiance et en toute tranquillit\u00e9.\t\t\t\t\t\t\t\t<\/div>\n\t\t\t\t<\/div>\n\t\t\t\t<\/div>\n\t\t<div class=\"elementor-element elementor-element-42c0926 e-con-full e-flex elementor-invisible e-con e-child\" data-id=\"42c0926\" data-element_type=\"container\" data-settings=\"{&quot;motion_fx_motion_fx_scrolling&quot;:&quot;yes&quot;,&quot;animation&quot;:&quot;fadeInRight&quot;,&quot;motion_fx_devices&quot;:[&quot;desktop&quot;,&quot;laptop&quot;,&quot;tablet&quot;,&quot;mobile&quot;]}\">\n\t\t\t\t<div class=\"elementor-element elementor-element-67ca1b3 elementor-widget elementor-widget-image\" data-id=\"67ca1b3\" data-element_type=\"widget\" fetchpriority=\"high\" data-widget_type=\"image.default\">\n\t\t\t\t<div class=\"elementor-widget-container\">\n\t\t\t\t\t\t\t\t\t\t\t\t\t\t\t<img decoding=\"async\" width=\"1060\" height=\"720\" src=\"https:\/\/www.iqoffices.com\/wp-content\/uploads\/2025\/03\/Collage-Photos-8-Medium.webp\" class=\"attachment-full size-full wp-image-22247\" alt=\"\" srcset=\"https:\/\/www.iqoffices.com\/wp-content\/uploads\/2025\/03\/Collage-Photos-8-Medium.webp 1060w, https:\/\/www.iqoffices.com\/wp-content\/uploads\/2025\/03\/Collage-Photos-8-Medium-300x204.webp 300w, https:\/\/www.iqoffices.com\/wp-content\/uploads\/2025\/03\/Collage-Photos-8-Medium-1024x696.webp 1024w, https:\/\/www.iqoffices.com\/wp-content\/uploads\/2025\/03\/Collage-Photos-8-Medium-768x522.webp 768w\" sizes=\"(max-width: 1060px) 100vw, 1060px\" \/>\t\t\t\t\t\t\t\t\t\t\t\t\t\t\t<\/div>\n\t\t\t\t<\/div>\n\t\t\t\t<\/div>\n\t\t\t\t<\/div>\n\t\t\t\t\t<\/div>\n\t\t\t\t<\/div>\n\t\t\t\t<\/div>\n\t\t","protected":false},"excerpt":{"rendered":"<p>Notre engagement envers l\u2019excellence Toutes nos actions sont guid\u00e9es par nos valeurs fondamentales: service, design et confidentialit\u00e9. Ces principes sont int\u00e9gr\u00e9s dans chaque d\u00e9tail de nos espaces de travail, cr\u00e9ant ainsi un environnement favorable au d\u00e9veloppement des professionnels. D\u00e9couvrez comment chacune de nos valeurs fa\u00e7onne l\u2019exp\u00e9rience exceptionnelle que nous concevons sur mesure pour votre r\u00e9ussite. [&hellip;]<\/p>\n","protected":false},"author":3454,"featured_media":0,"parent":0,"menu_order":0,"comment_status":"open","ping_status":"closed","template":"elementor_header_footer","meta":{"_acf_changed":false,"content-type":"","inline_featured_image":false,"footnotes":""},"class_list":["post-22762","page","type-page","status-publish","hentry"],"acf":[],"yoast_head":"<!-- This site is optimized with the Yoast SEO plugin v25.2 - https:\/\/yoast.com\/wordpress\/plugins\/seo\/ -->\n<title>Coworking Values | Design, Privacy &amp; Service at iQ Offices<\/title>\n<meta name=\"description\" content=\"iQ Offices delivers thoughtfully designed workspaces and private offices with a focus on coworking values to enhance your work experience.\" \/>\n<meta name=\"robots\" content=\"index, follow, max-snippet:-1, max-image-preview:large, max-video-preview:-1\" \/>\n<link rel=\"canonical\" href=\"https:\/\/www.iqoffices.com\/fr\/core-values\/\" \/>\n<meta property=\"og:locale\" content=\"fr_FR\" \/>\n<meta property=\"og:type\" content=\"article\" \/>\n<meta property=\"og:title\" content=\"Coworking Values | Design, Privacy &amp; Service at iQ Offices\" \/>\n<meta property=\"og:description\" content=\"iQ Offices delivers thoughtfully designed workspaces and private offices with a focus on coworking values to enhance your work experience.\" \/>\n<meta property=\"og:url\" content=\"https:\/\/www.iqoffices.com\/fr\/core-values\/\" \/>\n<meta property=\"og:site_name\" content=\"iQ Offices Suites Holdings Inc.\" \/>\n<meta property=\"article:modified_time\" content=\"2025-05-27T04:47:12+00:00\" \/>\n<meta property=\"og:image\" content=\"https:\/\/www.iqoffices.com\/wp-content\/uploads\/2025\/03\/MJT_27562.webp\" \/>\n<meta name=\"twitter:label1\" content=\"Dur\u00e9e de lecture estim\u00e9e\" \/>\n\t<meta name=\"twitter:data1\" content=\"2 minutes\" \/>\n<script type=\"application\/ld+json\" class=\"yoast-schema-graph\">{\"@context\":\"https:\/\/schema.org\",\"@graph\":[{\"@type\":\"WebPage\",\"@id\":\"https:\/\/www.iqoffices.com\/fr\/core-values\/\",\"url\":\"https:\/\/www.iqoffices.com\/fr\/core-values\/\",\"name\":\"Coworking Values | Design, Privacy & Service at iQ Offices\",\"isPartOf\":{\"@id\":\"https:\/\/www.iqoffices.com\/fr\/#website\"},\"primaryImageOfPage\":{\"@id\":\"https:\/\/www.iqoffices.com\/fr\/core-values\/#primaryimage\"},\"image\":{\"@id\":\"https:\/\/www.iqoffices.com\/fr\/core-values\/#primaryimage\"},\"thumbnailUrl\":\"https:\/\/www.iqoffices.com\/wp-content\/uploads\/2025\/03\/MJT_27562.webp\",\"datePublished\":\"2024-10-08T06:44:25+00:00\",\"dateModified\":\"2025-05-27T04:47:12+00:00\",\"description\":\"iQ Offices delivers thoughtfully designed workspaces and private offices with a focus on coworking values to enhance your work experience.\",\"breadcrumb\":{\"@id\":\"https:\/\/www.iqoffices.com\/fr\/core-values\/#breadcrumb\"},\"inLanguage\":\"fr-FR\",\"potentialAction\":[{\"@type\":\"ReadAction\",\"target\":[\"https:\/\/www.iqoffices.com\/fr\/core-values\/\"]}]},{\"@type\":\"ImageObject\",\"inLanguage\":\"fr-FR\",\"@id\":\"https:\/\/www.iqoffices.com\/fr\/core-values\/#primaryimage\",\"url\":\"https:\/\/www.iqoffices.com\/wp-content\/uploads\/2025\/03\/MJT_27562.webp\",\"contentUrl\":\"https:\/\/www.iqoffices.com\/wp-content\/uploads\/2025\/03\/MJT_27562.webp\"},{\"@type\":\"BreadcrumbList\",\"@id\":\"https:\/\/www.iqoffices.com\/fr\/core-values\/#breadcrumb\",\"itemListElement\":[{\"@type\":\"ListItem\",\"position\":1,\"name\":\"Home\",\"item\":\"https:\/\/www.iqoffices.com\/fr\/\"},{\"@type\":\"ListItem\",\"position\":2,\"name\":\"Core Values\"}]},{\"@type\":\"WebSite\",\"@id\":\"https:\/\/www.iqoffices.com\/fr\/#website\",\"url\":\"https:\/\/www.iqoffices.com\/fr\/\",\"name\":\"iQ Offices Suites Holdings Inc.\",\"description\":\"\",\"potentialAction\":[{\"@type\":\"SearchAction\",\"target\":{\"@type\":\"EntryPoint\",\"urlTemplate\":\"https:\/\/www.iqoffices.com\/fr\/?s={search_term_string}\"},\"query-input\":{\"@type\":\"PropertyValueSpecification\",\"valueRequired\":true,\"valueName\":\"search_term_string\"}}],\"inLanguage\":\"fr-FR\"}]}<\/script>\n<!-- \/ Yoast SEO plugin. -->","yoast_head_json":{"title":"Coworking Values | Design, Privacy & Service at iQ Offices","description":"iQ Offices delivers thoughtfully designed workspaces and private offices with a focus on coworking values to enhance your work experience.","robots":{"index":"index","follow":"follow","max-snippet":"max-snippet:-1","max-image-preview":"max-image-preview:large","max-video-preview":"max-video-preview:-1"},"canonical":"https:\/\/www.iqoffices.com\/fr\/core-values\/","og_locale":"fr_FR","og_type":"article","og_title":"Coworking Values | Design, Privacy & Service at iQ Offices","og_description":"iQ Offices delivers thoughtfully designed workspaces and private offices with a focus on coworking values to enhance your work experience.","og_url":"https:\/\/www.iqoffices.com\/fr\/core-values\/","og_site_name":"iQ Offices Suites Holdings Inc.","article_modified_time":"2025-05-27T04:47:12+00:00","og_image":[{"url":"https:\/\/www.iqoffices.com\/wp-content\/uploads\/2025\/03\/MJT_27562.webp","type":"","width":"","height":""}],"twitter_misc":{"Dur\u00e9e de lecture estim\u00e9e":"2 minutes"},"schema":{"@context":"https:\/\/schema.org","@graph":[{"@type":"WebPage","@id":"https:\/\/www.iqoffices.com\/fr\/core-values\/","url":"https:\/\/www.iqoffices.com\/fr\/core-values\/","name":"Coworking Values | Design, Privacy & Service at iQ Offices","isPartOf":{"@id":"https:\/\/www.iqoffices.com\/fr\/#website"},"primaryImageOfPage":{"@id":"https:\/\/www.iqoffices.com\/fr\/core-values\/#primaryimage"},"image":{"@id":"https:\/\/www.iqoffices.com\/fr\/core-values\/#primaryimage"},"thumbnailUrl":"https:\/\/www.iqoffices.com\/wp-content\/uploads\/2025\/03\/MJT_27562.webp","datePublished":"2024-10-08T06:44:25+00:00","dateModified":"2025-05-27T04:47:12+00:00","description":"iQ Offices delivers thoughtfully designed workspaces and private offices with a focus on coworking values to enhance your work experience.","breadcrumb":{"@id":"https:\/\/www.iqoffices.com\/fr\/core-values\/#breadcrumb"},"inLanguage":"fr-FR","potentialAction":[{"@type":"ReadAction","target":["https:\/\/www.iqoffices.com\/fr\/core-values\/"]}]},{"@type":"ImageObject","inLanguage":"fr-FR","@id":"https:\/\/www.iqoffices.com\/fr\/core-values\/#primaryimage","url":"https:\/\/www.iqoffices.com\/wp-content\/uploads\/2025\/03\/MJT_27562.webp","contentUrl":"https:\/\/www.iqoffices.com\/wp-content\/uploads\/2025\/03\/MJT_27562.webp"},{"@type":"BreadcrumbList","@id":"https:\/\/www.iqoffices.com\/fr\/core-values\/#breadcrumb","itemListElement":[{"@type":"ListItem","position":1,"name":"Home","item":"https:\/\/www.iqoffices.com\/fr\/"},{"@type":"ListItem","position":2,"name":"Core Values"}]},{"@type":"WebSite","@id":"https:\/\/www.iqoffices.com\/fr\/#website","url":"https:\/\/www.iqoffices.com\/fr\/","name":"iQ Offices Suites Holdings Inc.","description":"","potentialAction":[{"@type":"SearchAction","target":{"@type":"EntryPoint","urlTemplate":"https:\/\/www.iqoffices.com\/fr\/?s={search_term_string}"},"query-input":{"@type":"PropertyValueSpecification","valueRequired":true,"valueName":"search_term_string"}}],"inLanguage":"fr-FR"}]}},"_links":{"self":[{"href":"https:\/\/www.iqoffices.com\/fr\/wp-json\/wp\/v2\/pages\/22762","targetHints":{"allow":["GET"]}}],"collection":[{"href":"https:\/\/www.iqoffices.com\/fr\/wp-json\/wp\/v2\/pages"}],"about":[{"href":"https:\/\/www.iqoffices.com\/fr\/wp-json\/wp\/v2\/types\/page"}],"author":[{"embeddable":true,"href":"https:\/\/www.iqoffices.com\/fr\/wp-json\/wp\/v2\/users\/3454"}],"replies":[{"embeddable":true,"href":"https:\/\/www.iqoffices.com\/fr\/wp-json\/wp\/v2\/comments?post=22762"}],"version-history":[{"count":0,"href":"https:\/\/www.iqoffices.com\/fr\/wp-json\/wp\/v2\/pages\/22762\/revisions"}],"wp:attachment":[{"href":"https:\/\/www.iqoffices.com\/fr\/wp-json\/wp\/v2\/media?parent=22762"}],"curies":[{"name":"wp","href":"https:\/\/api.w.org\/{rel}","templated":true}]}}