{"id":22759,"date":"2024-10-09T00:15:53","date_gmt":"2024-10-09T04:15:53","guid":{"rendered":"https:\/\/www.iqoffices.com\/contact-us\/"},"modified":"2025-08-20T10:46:12","modified_gmt":"2025-08-20T14:46:12","slug":"contact-us","status":"publish","type":"page","link":"https:\/\/www.iqoffices.com\/fr\/contact-us\/","title":{"rendered":"Contactez"},"content":{"rendered":"\t\t<div data-elementor-type=\"wp-page\" data-elementor-id=\"22759\" class=\"elementor elementor-22759 elementor-3007\" data-elementor-post-type=\"page\">\n\t\t\t\t<div class=\"elementor-element elementor-element-4e9f78f her-banner-sldier e-flex e-con-boxed e-con e-parent\" data-id=\"4e9f78f\" data-element_type=\"container\" data-settings=\"{&quot;background_background&quot;:&quot;classic&quot;}\">\n\t\t\t\t\t<div class=\"e-con-inner\">\n\t\t\t\t\t<\/div>\n\t\t\t\t<\/div>\n\t\t<div class=\"elementor-element elementor-element-f31dbbb e-flex e-con-boxed e-con e-parent\" data-id=\"f31dbbb\" data-element_type=\"container\">\n\t\t\t\t\t<div class=\"e-con-inner\">\n\t\t<div class=\"elementor-element elementor-element-450933e e-con-full contact-left-info e-flex e-con e-child\" data-id=\"450933e\" data-element_type=\"container\">\n\t\t\t\t<div class=\"elementor-element elementor-element-5b7d876 elementor-widget elementor-widget-heading\" data-id=\"5b7d876\" data-element_type=\"widget\" data-widget_type=\"heading.default\">\n\t\t\t\t<div class=\"elementor-widget-container\">\n\t\t\t\t\t<h2 class=\"elementor-heading-title elementor-size-default\">Contactez-nous<\/h2>\t\t\t\t<\/div>\n\t\t\t\t<\/div>\n\t\t\t\t<div class=\"elementor-element elementor-element-d727b30 elementor-widget elementor-widget-text-editor\" data-id=\"d727b30\" data-element_type=\"widget\" data-widget_type=\"text-editor.default\">\n\t\t\t\t<div class=\"elementor-widget-container\">\n\t\t\t\t\t\t\t\t\tCommuniquez avec nous pour obtenir plus d\u2019informations ou pour commencer.\t\t\t\t\t\t\t\t<\/div>\n\t\t\t\t<\/div>\n\t\t\t\t<div class=\"elementor-element elementor-element-f74b919 elementor-widget elementor-widget-heading\" data-id=\"f74b919\" data-element_type=\"widget\" data-widget_type=\"heading.default\">\n\t\t\t\t<div class=\"elementor-widget-container\">\n\t\t\t\t\t<h3 class=\"elementor-heading-title elementor-size-default\">Rejoignez-nous par courriel<\/h3>\t\t\t\t<\/div>\n\t\t\t\t<\/div>\n\t\t\t\t<div class=\"elementor-element elementor-element-4a9fb14 elementor-position-left elementor-mobile-position-left elementor-vertical-align-middle elementor-vertical-align-middle elementor-view-default elementor-widget elementor-widget-icon-box\" data-id=\"4a9fb14\" data-element_type=\"widget\" data-widget_type=\"icon-box.default\">\n\t\t\t\t<div class=\"elementor-widget-container\">\n\t\t\t\t\t\t\t<div class=\"elementor-icon-box-wrapper\">\n\n\t\t\t\t\t\t<div class=\"elementor-icon-box-icon\">\n\t\t\t\t<a href=\"mailto:info@iqoffices.com\" class=\"elementor-icon\" tabindex=\"-1\" aria-label=\"contact@iqoffices.com\">\n\t\t\t\t<svg xmlns=\"http:\/\/www.w3.org\/2000\/svg\" id=\"Layer_2\" data-name=\"Layer 2\" viewBox=\"0 0 60 60\"><defs><style>      .cls-1 {        fill: #fff;        stroke: #fff;        stroke-miterlimit: 10;        stroke-width: .75px;      }      .cls-2 {        fill: #00255b;      }    <\/style><\/defs><g id=\"Layer_1-2\" data-name=\"Layer 1\"><circle class=\"cls-2\" cx=\"30\" cy=\"30\" r=\"30\"><\/circle><g><path class=\"cls-1\" d=\"M42.2,40.7h-24.3c-.6,0-1.1-.5-1.1-1.1v-19.1c0-.6.5-1.1,1.1-1.1h24.3c.6,0,1.1.5,1.1,1.1v19.1c0,.6-.5,1.1-1.1,1.1ZM17.9,20.1c-.2,0-.4.2-.4.4v19.1c0,.2.2.4.4.4h24.3c.2,0,.4-.2.4-.4v-19.1c0-.2-.2-.4-.4-.4,0,0-24.3,0-24.3,0Z\"><\/path><path class=\"cls-1\" d=\"M29.9,32.3c-.2,0-.4,0-.5-.2l-12.4-10.6c-.2-.1-.2-.4,0-.5,0-.2.4-.2.5,0l12.4,10.6h0l12.8-10.6c.2-.1.4-.1.5,0,.1.2.1.4,0,.5l-12.8,10.6s-.3.2-.5.2Z\"><\/path><path class=\"cls-1\" d=\"M17.2,38.7h-.3c-.1,0,0-.4,0-.5l9.3-9.1c0-.1.4-.1.5,0s0,.4,0,.5l-9.3,9.1h-.3.1Z\"><\/path><path class=\"cls-1\" d=\"M42.9,38.7h-.3l-9.5-9.1c0-.1-.2-.4,0-.5,0-.1.4-.2.5,0l9.5,9.1c.1,0,.2.4,0,.5h-.3.1Z\"><\/path><\/g><\/g><\/svg>\t\t\t\t<\/a>\n\t\t\t<\/div>\n\t\t\t\n\t\t\t\t\t\t<div class=\"elementor-icon-box-content\">\n\n\t\t\t\t\t\t\t\t\t<h3 class=\"elementor-icon-box-title\">\n\t\t\t\t\t\t<a href=\"mailto:info@iqoffices.com\" >\n\t\t\t\t\t\t\tcontact@iqoffices.com\t\t\t\t\t\t<\/a>\n\t\t\t\t\t<\/h3>\n\t\t\t\t\n\t\t\t\t\n\t\t\t<\/div>\n\t\t\t\n\t\t<\/div>\n\t\t\t\t\t\t<\/div>\n\t\t\t\t<\/div>\n\t\t\t\t<div class=\"elementor-element elementor-element-5265e32 elementor-widget elementor-widget-heading\" data-id=\"5265e32\" data-element_type=\"widget\" data-widget_type=\"heading.default\">\n\t\t\t\t<div class=\"elementor-widget-container\">\n\t\t\t\t\t<h3 class=\"elementor-heading-title elementor-size-default\">Rejoignez-nous par t\u00e9l\u00e9phone<\/h3>\t\t\t\t<\/div>\n\t\t\t\t<\/div>\n\t\t\t\t<div class=\"elementor-element elementor-element-dcd5306 elementor-position-left elementor-mobile-position-left elementor-vertical-align-middle elementor-vertical-align-middle elementor-view-default elementor-widget elementor-widget-icon-box\" data-id=\"dcd5306\" data-element_type=\"widget\" data-widget_type=\"icon-box.default\">\n\t\t\t\t<div class=\"elementor-widget-container\">\n\t\t\t\t\t\t\t<div class=\"elementor-icon-box-wrapper\">\n\n\t\t\t\t\t\t<div class=\"elementor-icon-box-icon\">\n\t\t\t\t<a href=\"tel:18009333176\" class=\"elementor-icon\" tabindex=\"-1\" aria-label=\"1-800-933-3176\">\n\t\t\t\t<svg xmlns=\"http:\/\/www.w3.org\/2000\/svg\" width=\"32\" height=\"32\" viewBox=\"0 0 32 32\" fill=\"none\"><rect width=\"32\" height=\"32\" rx=\"16\" fill=\"#00255B\"><\/rect><path d=\"M19.0347 22.5014C18.7287 22.5014 18.4207 22.46 18.1167 22.3767C14.0067 21.2487 10.7527 17.9967 9.62407 13.8894C9.36741 12.9554 9.50804 11.982 10.0214 11.15C10.5367 10.314 11.3841 9.72402 12.3461 9.53202C12.9861 9.40402 13.6187 9.68936 13.9434 10.2367L14.9854 11.9967C15.4914 12.8514 15.24 13.952 14.4126 14.5027L13.6587 15.004C14.3634 16.4507 15.5486 17.6394 16.9893 18.3434L17.4974 17.5853C18.0514 16.7593 19.1521 16.512 20.0061 17.0207L21.7681 18.0714C22.3134 18.3967 22.5954 19.0334 22.4714 19.6547C22.2794 20.6167 21.6894 21.464 20.8541 21.9794C20.2927 22.3247 19.6681 22.5014 19.0347 22.5014ZM12.6521 10.5C12.6194 10.5 12.5861 10.5034 12.5541 10.51C11.8514 10.6507 11.2428 11.074 10.8734 11.6747C10.5074 12.268 10.4067 12.9607 10.5894 13.624C11.6247 17.3927 14.6107 20.3774 18.3814 21.412C19.0454 21.594 19.736 21.4927 20.3287 21.1274C20.9287 20.7574 21.3528 20.148 21.4908 19.4574C21.5321 19.25 21.4381 19.0374 21.2554 18.9287L19.494 17.878C19.0974 17.642 18.5853 17.7574 18.328 18.1407L17.5847 19.2507C17.4514 19.4494 17.1941 19.5254 16.9768 19.4334C15.0014 18.6074 13.3941 16.9967 12.5674 15.014C12.4754 14.7927 12.5527 14.538 12.752 14.4054L13.8594 13.6687C14.2434 13.4133 14.3601 12.902 14.1247 12.5054L13.0827 10.746C12.9914 10.5913 12.8261 10.5 12.6521 10.5Z\" fill=\"white\"><\/path><\/svg>\t\t\t\t<\/a>\n\t\t\t<\/div>\n\t\t\t\n\t\t\t\t\t\t<div class=\"elementor-icon-box-content\">\n\n\t\t\t\t\t\t\t\t\t<h3 class=\"elementor-icon-box-title\">\n\t\t\t\t\t\t<a href=\"tel:18009333176\" >\n\t\t\t\t\t\t\t1-800-933-3176\t\t\t\t\t\t<\/a>\n\t\t\t\t\t<\/h3>\n\t\t\t\t\n\t\t\t\t\n\t\t\t<\/div>\n\t\t\t\n\t\t<\/div>\n\t\t\t\t\t\t<\/div>\n\t\t\t\t<\/div>\n\t\t\t\t<div class=\"elementor-element elementor-element-4e3e731 elementor-widget elementor-widget-heading\" data-id=\"4e3e731\" data-element_type=\"widget\" data-widget_type=\"heading.default\">\n\t\t\t\t<div class=\"elementor-widget-container\">\n\t\t\t\t\t<h3 class=\"elementor-heading-title elementor-size-default\">Rejoignez-nous par clavardage<\/h3>\t\t\t\t<\/div>\n\t\t\t\t<\/div>\n\t\t\t\t<div class=\"elementor-element elementor-element-a6654dc elementor-position-left elementor-mobile-position-left elementor-vertical-align-middle elementor-vertical-align-middle elementor-widget__width-initial chat-bot-details elementor-view-default elementor-widget elementor-widget-icon-box\" data-id=\"a6654dc\" data-element_type=\"widget\" data-widget_type=\"icon-box.default\">\n\t\t\t\t<div class=\"elementor-widget-container\">\n\t\t\t\t\t\t\t<div class=\"elementor-icon-box-wrapper\">\n\n\t\t\t\t\t\t<div class=\"elementor-icon-box-icon\">\n\t\t\t\t<span  class=\"elementor-icon\">\n\t\t\t\t<svg xmlns=\"http:\/\/www.w3.org\/2000\/svg\" id=\"Layer_2\" data-name=\"Layer 2\" viewBox=\"0 0 60 60\"><defs><style>      .cls-1 {        fill: #fff;        stroke: #fff;        stroke-miterlimit: 10;        stroke-width: .75px;      }      .cls-2 {        fill: #00255b;      }    <\/style><\/defs><g id=\"Layer_1-2\" data-name=\"Layer 1\"><circle class=\"cls-2\" cx=\"30\" cy=\"30\" r=\"30\"><\/circle><g><path class=\"cls-1\" d=\"M38.75,48.75h-17.5c-.23,0-.45,0-.45-.34-.34-1.25-.45-2.5-.45-3.75,0-3.52,1.25-6.82,3.41-9.09.23-.23.57-.34.91-.34s.68.23.8.45c.91,1.36,2.5,2.05,4.66,2.05s3.75-.8,4.66-2.05c.23-.34.45-.45.8-.45s.68,0,.91.34c2.16,2.27,3.41,5.57,3.41,9.09s-.45,3.64-.45,3.75c0,.23-.23.34-.45.34h-.23ZM21.59,47.84h16.7c.11-.68.34-2.27.34-3.18,0-3.18-1.14-6.25-3.07-8.41h0c-1.02,1.59-2.95,2.5-5.45,2.5s-4.43-.91-5.45-2.5h0c-1.93,2.05-3.07,5.11-3.07,8.41s.11,2.16.34,3.18h-.34Z\"><\/path><g><path class=\"cls-1\" d=\"M30,33.07c-3.98,0-7.61-2.5-8.98-6.25v-.34c.34-.68.57-1.48.57-2.5s-.23-2.16-.68-2.73v-.45c1.14-3.98,5-6.82,9.2-6.82s7.95,2.84,9.2,6.82v.45c-.45.57-.68,1.59-.68,2.73s.23,1.82.45,2.5v.34c-1.36,3.75-5,6.25-8.98,6.25h-.11ZM22.05,26.7c1.25,3.18,4.43,5.45,7.95,5.45s6.7-2.16,7.95-5.45c-.34-.8-.57-1.7-.57-2.73s.23-2.27.68-3.07c-1.14-3.52-4.43-5.91-8.18-5.91s-7.05,2.39-8.18,5.91c.45.8.68,1.93.68,3.07s-.23,1.93-.57,2.73c0,0,.23,0,.23,0Z\"><\/path><path class=\"cls-1\" d=\"M30,31.02c-2.73,0-5-2.27-5-5s.23-.45.45-.45h9.09c.23,0,.45.23.45.45,0,2.73-2.27,5-5,5ZM25.91,26.48c.23,2.05,1.93,3.52,3.98,3.52s3.75-1.59,3.98-3.52h-8.07.11Z\"><\/path><g><path class=\"cls-1\" d=\"M20.34,20.8c-.23,0-.45-.23-.45-.45,0-5.34,4.2-9.09,10.11-9.09s10.23,3.75,10.23,9.09-.23.45-.45.45-.45-.23-.45-.45c0-4.77-3.75-8.07-9.2-8.07s-9.09,3.3-9.09,8.07-.23.45-.45.45h-.23Z\"><\/path><path class=\"cls-1\" d=\"M39.66,28.07c-.68,0-1.25-.45-1.59-1.25s-.57-1.82-.57-2.95.34-2.5.8-3.3c.45-.68.91-.8,1.36-.91h0c1.25,0,2.27,1.82,2.27,4.2s-1.02,4.2-2.27,4.2h0ZM39.66,20.8c-.23,0-.45.23-.57.45-.45.57-.68,1.59-.68,2.73s.23,1.82.45,2.5c.23.45.57.68.8.68.57,0,1.25-1.25,1.25-3.18s-.8-3.18-1.25-3.18h0Z\"><\/path><path class=\"cls-1\" d=\"M26.36,35.45h-.8c-1.36-.23-2.39-.91-2.39-1.7v-.23c0-.23.23-.45.45-.68.57-.34,1.36-.57,2.39-.34,1.48.23,2.5,1.02,2.39,1.93h0c-.11.68-.91,1.14-2.05,1.14h0v-.11ZM24.2,33.64c0,.23.57.68,1.59.8,1.14.23,1.7,0,1.7-.23s-.45-.68-1.59-.8c-.8,0-1.36,0-1.7.23h0Z\"><\/path><path class=\"cls-1\" d=\"M23.64,34.2h-.11c-3.3-1.25-3.64-6.25-3.75-6.48,0-.23.23-.45.45-.57.23,0,.45.23.57.45,0,0,.34,4.66,3.07,5.68.23,0,.34.34.34.57s-.23.34-.45.34h-.11Z\"><\/path><path class=\"cls-1\" d=\"M20.34,28.07c-1.25,0-2.27-1.82-2.27-4.2s1.02-4.2,2.27-4.2,0,0,0,0c.45,0,.91.34,1.25.91.57.8.8,1.93.8,3.3s-.23,2.16-.57,2.95c-.34.68-.8,1.02-1.25,1.14h-.34.11v.11ZM20.23,20.8c-.45,0-1.25,1.25-1.25,3.18s.8,3.18,1.25,3.18,0,0,0,0c.23,0,.45-.34.68-.68.34-.68.57-1.48.57-2.5s-.23-2.16-.68-2.73c-.23-.23-.34-.45-.57-.45h0Z\"><\/path><\/g><\/g><\/g><\/g><\/svg>\t\t\t\t<\/span>\n\t\t\t<\/div>\n\t\t\t\n\t\t\t\t\t\t<div class=\"elementor-icon-box-content\">\n\n\t\t\t\t\t\t\t\t\t<h3 class=\"elementor-icon-box-title\">\n\t\t\t\t\t\t<span  >\n\t\t\t\t\t\t\tDu lundi au vendredi  <br> <b> de 8h30 \u2013 20h30 HE<\/b>\t\t\t\t\t\t<\/span>\n\t\t\t\t\t<\/h3>\n\t\t\t\t\n\t\t\t\t\n\t\t\t<\/div>\n\t\t\t\n\t\t<\/div>\n\t\t\t\t\t\t<\/div>\n\t\t\t\t<\/div>\n\t\t\t\t<div class=\"elementor-element elementor-element-97106ab elementor-widget elementor-widget-heading\" data-id=\"97106ab\" data-element_type=\"widget\" data-widget_type=\"heading.default\">\n\t\t\t\t<div class=\"elementor-widget-container\">\n\t\t\t\t\t<h3 class=\"elementor-heading-title elementor-size-default\">Acc\u00e8s Membre<\/h3>\t\t\t\t<\/div>\n\t\t\t\t<\/div>\n\t\t\t\t<div class=\"elementor-element elementor-element-a81dac0 contact-ancore-link elementor-widget elementor-widget-text-editor\" data-id=\"a81dac0\" data-element_type=\"widget\" data-widget_type=\"text-editor.default\">\n\t\t\t\t<div class=\"elementor-widget-container\">\n\t\t\t\t\t\t\t\t\t<p>D\u00e9j\u00e0 membre ? <a href=\"https:\/\/portal.iqoffices.com\/member\/content\/login#\/appaccess\/login\" target=\"_blank\" rel=\"noopener\">Connectez-vous<\/a> maintenant.<\/p>\t\t\t\t\t\t\t\t<\/div>\n\t\t\t\t<\/div>\n\t\t\t\t<div class=\"elementor-element elementor-element-6044ed7 elementor-widget elementor-widget-heading\" data-id=\"6044ed7\" data-element_type=\"widget\" data-widget_type=\"heading.default\">\n\t\t\t\t<div class=\"elementor-widget-container\">\n\t\t\t\t\t<h3 class=\"elementor-heading-title elementor-size-default\">R\u00e9ponses rapides<\/h3>\t\t\t\t<\/div>\n\t\t\t\t<\/div>\n\t\t\t\t<div class=\"elementor-element elementor-element-51008d7 contact-ancore-link elementor-widget elementor-widget-text-editor\" data-id=\"51008d7\" data-element_type=\"widget\" data-widget_type=\"text-editor.default\">\n\t\t\t\t<div class=\"elementor-widget-container\">\n\t\t\t\t\t\t\t\t\t<p>Consultez notre <a href=\"https:\/\/www.iqoffices.com\/fr\/faqs\/\">FAQ<\/a>.<\/p>\t\t\t\t\t\t\t\t<\/div>\n\t\t\t\t<\/div>\n\t\t\t\t<\/div>\n\t\t<div class=\"elementor-element elementor-element-1a2abf5 e-con-full e-flex e-con e-child\" data-id=\"1a2abf5\" data-element_type=\"container\">\n\t\t\t\t<div class=\"elementor-element elementor-element-b1086b0 get-in-touch-form contact-form-c elementor-widget elementor-widget-hubspot-form\" data-id=\"b1086b0\" data-element_type=\"widget\" data-widget_type=\"hubspot-form.default\">\n\t\t\t\t<div class=\"elementor-widget-container\">\n\t\t\t\t\t\n\t\t\t\t\t\t<script>\n\t\t\t\t\t\t\twindow.hsFormsOnReady = window.hsFormsOnReady || [];\n\t\t\t\t\t\t\twindow.hsFormsOnReady.push(()=>{\n\t\t\t\t\t\t\t\thbspt.forms.create({\n\t\t\t\t\t\t\t\t\tportalId: 5982937,\n\t\t\t\t\t\t\t\t\tformId: \"73fb00b1-340e-4fd3-9976-c9cd5f4d64c4\",\n\t\t\t\t\t\t\t\t\ttarget: \"#hbspt-form-1776594573000-1601298082\",\n\t\t\t\t\t\t\t\t\tregion: \"na1\",\n\t\t\t\t\t\t\t\t\t\n\t\t\t\t\t\t\t})});\n\t\t\t\t\t\t<\/script>\n\t\t\t\t\t\t<div class=\"hbspt-form\" id=\"hbspt-form-1776594573000-1601298082\"><\/div>\t\t\t\t<\/div>\n\t\t\t\t<\/div>\n\t\t\t\t<\/div>\n\t\t\t\t\t<\/div>\n\t\t\t\t<\/div>\n\t\t\t\t<\/div>\n\t\t","protected":false},"excerpt":{"rendered":"<p>Contactez-nous Communiquez avec nous pour obtenir plus d\u2019informations ou pour commencer. Rejoignez-nous par courriel contact@iqoffices.com Rejoignez-nous par t\u00e9l\u00e9phone 1-800-933-3176 Rejoignez-nous par clavardage Du lundi au vendredi de 8h30 \u2013 20h30 HE Acc\u00e8s Membre D\u00e9j\u00e0 membre ? Connectez-vous maintenant. R\u00e9ponses rapides Consultez notre FAQ.<\/p>\n","protected":false},"author":3454,"featured_media":0,"parent":0,"menu_order":0,"comment_status":"open","ping_status":"closed","template":"elementor_header_footer","meta":{"_acf_changed":false,"content-type":"","inline_featured_image":false,"footnotes":""},"class_list":["post-22759","page","type-page","status-publish","hentry"],"acf":[],"yoast_head":"<!-- This site is optimized with the Yoast SEO plugin v25.2 - https:\/\/yoast.com\/wordpress\/plugins\/seo\/ -->\n<title>Contact iQ Offices | Coworking &amp; Private Office Inquiries<\/title>\n<meta name=\"description\" content=\"Contact iQ Offices for coworking, private offices, and meeting rooms. Reach out by email or phone to find the perfect workspace for your needs.\" \/>\n<meta name=\"robots\" content=\"index, follow, max-snippet:-1, max-image-preview:large, max-video-preview:-1\" \/>\n<link rel=\"canonical\" href=\"https:\/\/www.iqoffices.com\/fr\/contact-us\/\" \/>\n<meta property=\"og:locale\" content=\"fr_FR\" \/>\n<meta property=\"og:type\" content=\"article\" \/>\n<meta property=\"og:title\" content=\"Contact iQ Offices | Coworking &amp; Private Office Inquiries\" \/>\n<meta property=\"og:description\" content=\"Contact iQ Offices for coworking, private offices, and meeting rooms. Reach out by email or phone to find the perfect workspace for your needs.\" \/>\n<meta property=\"og:url\" content=\"https:\/\/www.iqoffices.com\/fr\/contact-us\/\" \/>\n<meta property=\"og:site_name\" content=\"iQ Offices Suites Holdings Inc.\" \/>\n<meta property=\"article:modified_time\" content=\"2025-08-20T14:46:12+00:00\" \/>\n<meta name=\"twitter:label1\" content=\"Dur\u00e9e de lecture estim\u00e9e\" \/>\n\t<meta name=\"twitter:data1\" content=\"2 minutes\" \/>\n<script type=\"application\/ld+json\" class=\"yoast-schema-graph\">{\"@context\":\"https:\/\/schema.org\",\"@graph\":[{\"@type\":\"WebPage\",\"@id\":\"https:\/\/www.iqoffices.com\/fr\/contact-us\/\",\"url\":\"https:\/\/www.iqoffices.com\/fr\/contact-us\/\",\"name\":\"Contact iQ Offices | Coworking & Private Office Inquiries\",\"isPartOf\":{\"@id\":\"https:\/\/www.iqoffices.com\/fr\/#website\"},\"datePublished\":\"2024-10-09T04:15:53+00:00\",\"dateModified\":\"2025-08-20T14:46:12+00:00\",\"description\":\"Contact iQ Offices for coworking, private offices, and meeting rooms. Reach out by email or phone to find the perfect workspace for your needs.\",\"breadcrumb\":{\"@id\":\"https:\/\/www.iqoffices.com\/fr\/contact-us\/#breadcrumb\"},\"inLanguage\":\"fr-FR\",\"potentialAction\":[{\"@type\":\"ReadAction\",\"target\":[\"https:\/\/www.iqoffices.com\/fr\/contact-us\/\"]}]},{\"@type\":\"BreadcrumbList\",\"@id\":\"https:\/\/www.iqoffices.com\/fr\/contact-us\/#breadcrumb\",\"itemListElement\":[{\"@type\":\"ListItem\",\"position\":1,\"name\":\"Home\",\"item\":\"https:\/\/www.iqoffices.com\/fr\/\"},{\"@type\":\"ListItem\",\"position\":2,\"name\":\"Contactez\"}]},{\"@type\":\"WebSite\",\"@id\":\"https:\/\/www.iqoffices.com\/fr\/#website\",\"url\":\"https:\/\/www.iqoffices.com\/fr\/\",\"name\":\"iQ Offices Suites Holdings Inc.\",\"description\":\"\",\"potentialAction\":[{\"@type\":\"SearchAction\",\"target\":{\"@type\":\"EntryPoint\",\"urlTemplate\":\"https:\/\/www.iqoffices.com\/fr\/?s={search_term_string}\"},\"query-input\":{\"@type\":\"PropertyValueSpecification\",\"valueRequired\":true,\"valueName\":\"search_term_string\"}}],\"inLanguage\":\"fr-FR\"}]}<\/script>\n<!-- \/ Yoast SEO plugin. -->","yoast_head_json":{"title":"Contact iQ Offices | Coworking & Private Office Inquiries","description":"Contact iQ Offices for coworking, private offices, and meeting rooms. Reach out by email or phone to find the perfect workspace for your needs.","robots":{"index":"index","follow":"follow","max-snippet":"max-snippet:-1","max-image-preview":"max-image-preview:large","max-video-preview":"max-video-preview:-1"},"canonical":"https:\/\/www.iqoffices.com\/fr\/contact-us\/","og_locale":"fr_FR","og_type":"article","og_title":"Contact iQ Offices | Coworking & Private Office Inquiries","og_description":"Contact iQ Offices for coworking, private offices, and meeting rooms. Reach out by email or phone to find the perfect workspace for your needs.","og_url":"https:\/\/www.iqoffices.com\/fr\/contact-us\/","og_site_name":"iQ Offices Suites Holdings Inc.","article_modified_time":"2025-08-20T14:46:12+00:00","twitter_misc":{"Dur\u00e9e de lecture estim\u00e9e":"2 minutes"},"schema":{"@context":"https:\/\/schema.org","@graph":[{"@type":"WebPage","@id":"https:\/\/www.iqoffices.com\/fr\/contact-us\/","url":"https:\/\/www.iqoffices.com\/fr\/contact-us\/","name":"Contact iQ Offices | Coworking & Private Office Inquiries","isPartOf":{"@id":"https:\/\/www.iqoffices.com\/fr\/#website"},"datePublished":"2024-10-09T04:15:53+00:00","dateModified":"2025-08-20T14:46:12+00:00","description":"Contact iQ Offices for coworking, private offices, and meeting rooms. Reach out by email or phone to find the perfect workspace for your needs.","breadcrumb":{"@id":"https:\/\/www.iqoffices.com\/fr\/contact-us\/#breadcrumb"},"inLanguage":"fr-FR","potentialAction":[{"@type":"ReadAction","target":["https:\/\/www.iqoffices.com\/fr\/contact-us\/"]}]},{"@type":"BreadcrumbList","@id":"https:\/\/www.iqoffices.com\/fr\/contact-us\/#breadcrumb","itemListElement":[{"@type":"ListItem","position":1,"name":"Home","item":"https:\/\/www.iqoffices.com\/fr\/"},{"@type":"ListItem","position":2,"name":"Contactez"}]},{"@type":"WebSite","@id":"https:\/\/www.iqoffices.com\/fr\/#website","url":"https:\/\/www.iqoffices.com\/fr\/","name":"iQ Offices Suites Holdings Inc.","description":"","potentialAction":[{"@type":"SearchAction","target":{"@type":"EntryPoint","urlTemplate":"https:\/\/www.iqoffices.com\/fr\/?s={search_term_string}"},"query-input":{"@type":"PropertyValueSpecification","valueRequired":true,"valueName":"search_term_string"}}],"inLanguage":"fr-FR"}]}},"_links":{"self":[{"href":"https:\/\/www.iqoffices.com\/fr\/wp-json\/wp\/v2\/pages\/22759","targetHints":{"allow":["GET"]}}],"collection":[{"href":"https:\/\/www.iqoffices.com\/fr\/wp-json\/wp\/v2\/pages"}],"about":[{"href":"https:\/\/www.iqoffices.com\/fr\/wp-json\/wp\/v2\/types\/page"}],"author":[{"embeddable":true,"href":"https:\/\/www.iqoffices.com\/fr\/wp-json\/wp\/v2\/users\/3454"}],"replies":[{"embeddable":true,"href":"https:\/\/www.iqoffices.com\/fr\/wp-json\/wp\/v2\/comments?post=22759"}],"version-history":[{"count":0,"href":"https:\/\/www.iqoffices.com\/fr\/wp-json\/wp\/v2\/pages\/22759\/revisions"}],"wp:attachment":[{"href":"https:\/\/www.iqoffices.com\/fr\/wp-json\/wp\/v2\/media?parent=22759"}],"curies":[{"name":"wp","href":"https:\/\/api.w.org\/{rel}","templated":true}]}}