{"id":22725,"date":"2024-12-13T08:02:39","date_gmt":"2024-12-13T12:02:39","guid":{"rendered":"https:\/\/www.iqoffices.com\/on-demand-products\/"},"modified":"2025-07-17T14:13:56","modified_gmt":"2025-07-17T18:13:56","slug":"on-demand-products","status":"publish","type":"page","link":"https:\/\/www.iqoffices.com\/fr\/on-demand-products\/","title":{"rendered":"\u00c0 la demande"},"content":{"rendered":"\t\t<div data-elementor-type=\"wp-page\" data-elementor-id=\"22725\" class=\"elementor elementor-22725 elementor-6725\" data-elementor-post-type=\"page\">\n\t\t\t\t<div class=\"elementor-element elementor-element-61a03a1 her-banner-sldier e-flex e-con-boxed e-con e-parent\" data-id=\"61a03a1\" data-element_type=\"container\" data-settings=\"{&quot;background_background&quot;:&quot;classic&quot;}\">\n\t\t\t\t\t<div class=\"e-con-inner\">\n\t\t\t\t\t<\/div>\n\t\t\t\t<\/div>\n\t\t<div class=\"elementor-element elementor-element-16cefa8 e-flex e-con-boxed e-con e-parent\" data-id=\"16cefa8\" data-element_type=\"container\" data-settings=\"{&quot;background_background&quot;:&quot;classic&quot;}\">\n\t\t\t\t\t<div class=\"e-con-inner\">\n\t\t<div class=\"elementor-element elementor-element-7e89a6c e-con-full e-flex e-con e-child\" data-id=\"7e89a6c\" data-element_type=\"container\">\n\t\t\t\t<div class=\"elementor-element elementor-element-33fc1eb elementor-invisible elementor-widget elementor-widget-heading\" data-id=\"33fc1eb\" data-element_type=\"widget\" data-settings=\"{&quot;_animation&quot;:&quot;fadeInUp&quot;,&quot;_animation_delay&quot;:100}\" data-widget_type=\"heading.default\">\n\t\t\t\t<div class=\"elementor-widget-container\">\n\t\t\t\t\t<h1 class=\"elementor-heading-title elementor-size-default\">Solutions \u00e0 la demande<\/h1>\t\t\t\t<\/div>\n\t\t\t\t<\/div>\n\t\t\t\t<div class=\"elementor-element elementor-element-6e85b84 elementor-widget__width-initial elementor-invisible elementor-widget elementor-widget-text-editor\" data-id=\"6e85b84\" data-element_type=\"widget\" data-settings=\"{&quot;_animation&quot;:&quot;fadeInUp&quot;,&quot;_animation_delay&quot;:200}\" data-widget_type=\"text-editor.default\">\n\t\t\t\t<div class=\"elementor-widget-container\">\n\t\t\t\t\t\t\t\t\tUne vari\u00e9t\u00e9 d\u2019options, des salles de r\u00e9union aux lieux d\u2019\u00e9v\u00e9nements, disponibles lorsque vous en avez besoin, sans engagement \u00e0 long terme. Parfait pour les \u00e9quipes, les individus ou les rassemblements n\u00e9cessitant des espaces de haute qualit\u00e9 \u00e0 court terme.\t\t\t\t\t\t\t\t<\/div>\n\t\t\t\t<\/div>\n\t\t\t\t<div class=\"elementor-element elementor-element-b679e07 elementor-align-center elementor-mobile-align-center elementor-widget elementor-widget-button\" data-id=\"b679e07\" data-element_type=\"widget\" data-widget_type=\"button.default\">\n\t\t\t\t<div class=\"elementor-widget-container\">\n\t\t\t\t\t\t\t\t\t<div class=\"elementor-button-wrapper\">\n\t\t\t\t\t<a class=\"elementor-button elementor-button-link elementor-size-sm\" href=\"#elementor-action%3Aaction%3Dpopup%3Aopen%26settings%3DeyJpZCI6MjI3NDMsInRvZ2dsZSI6ZmFsc2V9\">\n\t\t\t\t\t\t<span class=\"elementor-button-content-wrapper\">\n\t\t\t\t\t\t\t\t\t<span class=\"elementor-button-text\">Nous joindre<\/span>\n\t\t\t\t\t<\/span>\n\t\t\t\t\t<\/a>\n\t\t\t\t<\/div>\n\t\t\t\t\t\t\t\t<\/div>\n\t\t\t\t<\/div>\n\t\t\t\t<\/div>\n\t\t\t\t\t<\/div>\n\t\t\t\t<\/div>\n\t\t<div class=\"elementor-element elementor-element-12f131c e-flex e-con-boxed e-con e-parent\" data-id=\"12f131c\" data-element_type=\"container\" data-settings=\"{&quot;background_background&quot;:&quot;classic&quot;}\">\n\t\t\t\t\t<div class=\"e-con-inner\">\n\t\t<div class=\"elementor-element elementor-element-56a083b e-con-full elementor-hidden-desktop elementor-hidden-laptop elementor-hidden-tablet elementor-hidden-mobile e-flex elementor-invisible e-con e-child\" data-id=\"56a083b\" data-element_type=\"container\" data-settings=\"{&quot;motion_fx_motion_fx_scrolling&quot;:&quot;yes&quot;,&quot;animation&quot;:&quot;fadeInUp&quot;,&quot;motion_fx_devices&quot;:[&quot;desktop&quot;,&quot;laptop&quot;,&quot;tablet&quot;,&quot;mobile&quot;]}\">\n\t\t\t\t<div class=\"elementor-element elementor-element-7ea9d3a elementor-widget elementor-widget-heading\" data-id=\"7ea9d3a\" data-element_type=\"widget\" data-widget_type=\"heading.default\">\n\t\t\t\t<div class=\"elementor-widget-container\">\n\t\t\t\t\t<h2 class=\"elementor-heading-title elementor-size-default\">Explore Your Options<\/h2>\t\t\t\t<\/div>\n\t\t\t\t<\/div>\n\t\t\t\t<\/div>\n\t\t<div class=\"elementor-element elementor-element-5e80fdc e-con-full product-blocks e-flex elementor-invisible e-con e-child\" data-id=\"5e80fdc\" data-element_type=\"container\" data-settings=\"{&quot;motion_fx_motion_fx_scrolling&quot;:&quot;yes&quot;,&quot;animation&quot;:&quot;fadeInUp&quot;,&quot;motion_fx_devices&quot;:[&quot;desktop&quot;,&quot;laptop&quot;,&quot;tablet&quot;,&quot;mobile&quot;]}\">\n\t\t\t\t<div class=\"elementor-element elementor-element-b930546 elementor-widget__width-initial elementor-position-top elementor-widget elementor-widget-image-box\" data-id=\"b930546\" data-element_type=\"widget\" data-widget_type=\"image-box.default\">\n\t\t\t\t<div class=\"elementor-widget-container\">\n\t\t\t\t\t<div class=\"elementor-image-box-wrapper\"><figure class=\"elementor-image-box-img\"><a href=\"https:\/\/www.iqoffices.com\/fr\/meeting-rooms\/\" tabindex=\"-1\"><img fetchpriority=\"high\" decoding=\"async\" width=\"875\" height=\"584\" src=\"https:\/\/www.iqoffices.com\/wp-content\/uploads\/2025\/02\/Meeting-Rooms.png\" class=\"attachment-full size-full wp-image-11416\" alt=\"\" srcset=\"https:\/\/www.iqoffices.com\/wp-content\/uploads\/2025\/02\/Meeting-Rooms.png 875w, https:\/\/www.iqoffices.com\/wp-content\/uploads\/2025\/02\/Meeting-Rooms-300x200.png 300w, https:\/\/www.iqoffices.com\/wp-content\/uploads\/2025\/02\/Meeting-Rooms-768x513.png 768w\" sizes=\"(max-width: 875px) 100vw, 875px\" \/><\/a><\/figure><div class=\"elementor-image-box-content\"><h2 class=\"elementor-image-box-title\"><a href=\"https:\/\/www.iqoffices.com\/fr\/meeting-rooms\/\">Salles de R\u00e9union<\/a><\/h2><p class=\"elementor-image-box-description\">Salles de r\u00e9union \u00e9quip\u00e9es pour toutes vos rencontres d\u2019affaires.<\/p><\/div><\/div>\t\t\t\t<\/div>\n\t\t\t\t<\/div>\n\t\t\t\t<div class=\"elementor-element elementor-element-edfe7e1 elementor-widget__width-initial elementor-position-top elementor-widget elementor-widget-image-box\" data-id=\"edfe7e1\" data-element_type=\"widget\" data-widget_type=\"image-box.default\">\n\t\t\t\t<div class=\"elementor-widget-container\">\n\t\t\t\t\t<div class=\"elementor-image-box-wrapper\"><figure class=\"elementor-image-box-img\"><a href=\"https:\/\/www.iqoffices.com\/fr\/sprint-spaces\/\" tabindex=\"-1\"><img decoding=\"async\" width=\"805\" height=\"538\" src=\"https:\/\/www.iqoffices.com\/wp-content\/uploads\/2025\/04\/Website-Product-Cards-Images3.webp\" class=\"attachment-full size-full wp-image-19292\" alt=\"\" srcset=\"https:\/\/www.iqoffices.com\/wp-content\/uploads\/2025\/04\/Website-Product-Cards-Images3.webp 805w, https:\/\/www.iqoffices.com\/wp-content\/uploads\/2025\/04\/Website-Product-Cards-Images3-300x200.webp 300w, https:\/\/www.iqoffices.com\/wp-content\/uploads\/2025\/04\/Website-Product-Cards-Images3-768x513.webp 768w\" sizes=\"(max-width: 805px) 100vw, 805px\" \/><\/a><\/figure><div class=\"elementor-image-box-content\"><h2 class=\"elementor-image-box-title\"><a href=\"https:\/\/www.iqoffices.com\/fr\/sprint-spaces\/\">Espaces Sprint<\/a><\/h2><p class=\"elementor-image-box-description\">Espaces flexibles \u00e0 court terme, parfaits pour vos sprints pro.<\/p><\/div><\/div>\t\t\t\t<\/div>\n\t\t\t\t<\/div>\n\t\t\t\t<div class=\"elementor-element elementor-element-a275af7 elementor-widget__width-initial elementor-position-top elementor-widget elementor-widget-image-box\" data-id=\"a275af7\" data-element_type=\"widget\" data-widget_type=\"image-box.default\">\n\t\t\t\t<div class=\"elementor-widget-container\">\n\t\t\t\t\t<div class=\"elementor-image-box-wrapper\"><figure class=\"elementor-image-box-img\"><a href=\"https:\/\/www.iqoffices.com\/fr\/event-venues\/\" tabindex=\"-1\"><img decoding=\"async\" width=\"875\" height=\"584\" src=\"https:\/\/www.iqoffices.com\/wp-content\/uploads\/2025\/02\/Event-Venues-King-York-Terrace.png\" class=\"attachment-full size-full wp-image-11415\" alt=\"\" srcset=\"https:\/\/www.iqoffices.com\/wp-content\/uploads\/2025\/02\/Event-Venues-King-York-Terrace.png 875w, https:\/\/www.iqoffices.com\/wp-content\/uploads\/2025\/02\/Event-Venues-King-York-Terrace-300x200.png 300w, https:\/\/www.iqoffices.com\/wp-content\/uploads\/2025\/02\/Event-Venues-King-York-Terrace-768x513.png 768w\" sizes=\"(max-width: 875px) 100vw, 875px\" \/><\/a><\/figure><div class=\"elementor-image-box-content\"><h2 class=\"elementor-image-box-title\"><a href=\"https:\/\/www.iqoffices.com\/fr\/event-venues\/\">Espaces \u00c9v\u00e9nementiels<\/a><\/h2><p class=\"elementor-image-box-description\">Lieux polyvalents pour organiser vos \u00e9v\u00e9nements pro ou priv\u00e9s.<\/p><\/div><\/div>\t\t\t\t<\/div>\n\t\t\t\t<\/div>\n\t\t\t\t<div class=\"elementor-element elementor-element-48c7de4 elementor-widget__width-initial elementor-position-top elementor-widget elementor-widget-image-box\" data-id=\"48c7de4\" data-element_type=\"widget\" data-widget_type=\"image-box.default\">\n\t\t\t\t<div class=\"elementor-widget-container\">\n\t\t\t\t\t<div class=\"elementor-image-box-wrapper\"><figure class=\"elementor-image-box-img\"><a href=\"https:\/\/www.iqoffices.com\/fr\/day-offices\/\" tabindex=\"-1\"><img loading=\"lazy\" decoding=\"async\" width=\"805\" height=\"538\" src=\"https:\/\/www.iqoffices.com\/wp-content\/uploads\/2025\/04\/Website-Product-Cards-Images2.webp\" class=\"attachment-full size-full wp-image-19276\" alt=\"\" srcset=\"https:\/\/www.iqoffices.com\/wp-content\/uploads\/2025\/04\/Website-Product-Cards-Images2.webp 805w, https:\/\/www.iqoffices.com\/wp-content\/uploads\/2025\/04\/Website-Product-Cards-Images2-300x200.webp 300w, https:\/\/www.iqoffices.com\/wp-content\/uploads\/2025\/04\/Website-Product-Cards-Images2-768x513.webp 768w\" sizes=\"(max-width: 805px) 100vw, 805px\" \/><\/a><\/figure><div class=\"elementor-image-box-content\"><h2 class=\"elementor-image-box-title\"><a href=\"https:\/\/www.iqoffices.com\/fr\/day-offices\/\">Bureaux \u00e0 la Journ\u00e9e<\/a><\/h2><p class=\"elementor-image-box-description\">Espace de travail haut de gamme \u00e0 la journ\u00e9e, tout \u00e9quip\u00e9.<\/p><\/div><\/div>\t\t\t\t<\/div>\n\t\t\t\t<\/div>\n\t\t\t\t<\/div>\n\t\t\t\t\t<\/div>\n\t\t\t\t<\/div>\n\t\t\t\t<\/div>\n\t\t","protected":false},"excerpt":{"rendered":"<p>Solutions \u00e0 la demande Une vari\u00e9t\u00e9 d\u2019options, des salles de r\u00e9union aux lieux d\u2019\u00e9v\u00e9nements, disponibles lorsque vous en avez besoin, sans engagement \u00e0 long terme. Parfait pour les \u00e9quipes, les individus ou les rassemblements n\u00e9cessitant des espaces de haute qualit\u00e9 \u00e0 court terme. Nous joindre Explore Your Options Salles de R\u00e9union Salles de r\u00e9union \u00e9quip\u00e9es [&hellip;]<\/p>\n","protected":false},"author":3454,"featured_media":0,"parent":0,"menu_order":0,"comment_status":"closed","ping_status":"closed","template":"","meta":{"_acf_changed":false,"content-type":"","inline_featured_image":false,"footnotes":""},"class_list":["post-22725","page","type-page","status-publish","hentry"],"acf":[],"yoast_head":"<!-- This site is optimized with the Yoast SEO plugin v25.2 - https:\/\/yoast.com\/wordpress\/plugins\/seo\/ -->\n<title>On-Demand Workspaces | Work, Meet &amp; Host with iQ Offices<\/title>\n<meta name=\"description\" content=\"Book premium meeting rooms, event venues, and short-term workspaces at iQ Offices. Flexible, high-quality spaces when you need them.\" \/>\n<meta name=\"robots\" content=\"index, follow, max-snippet:-1, max-image-preview:large, max-video-preview:-1\" \/>\n<link rel=\"canonical\" href=\"https:\/\/www.iqoffices.com\/fr\/on-demand-products\/\" \/>\n<meta property=\"og:locale\" content=\"fr_FR\" \/>\n<meta property=\"og:type\" content=\"article\" \/>\n<meta property=\"og:title\" content=\"On-Demand Workspaces | Work, Meet &amp; Host with iQ Offices\" \/>\n<meta property=\"og:description\" content=\"Book premium meeting rooms, event venues, and short-term workspaces at iQ Offices. Flexible, high-quality spaces when you need them.\" \/>\n<meta property=\"og:url\" content=\"https:\/\/www.iqoffices.com\/fr\/on-demand-products\/\" \/>\n<meta property=\"og:site_name\" content=\"iQ Offices Suites Holdings Inc.\" \/>\n<meta property=\"article:modified_time\" content=\"2025-07-17T18:13:56+00:00\" \/>\n<meta property=\"og:image\" content=\"https:\/\/www.iqoffices.com\/wp-content\/uploads\/2025\/02\/Meeting-Rooms.png\" \/>\n\t<meta property=\"og:image:width\" content=\"875\" \/>\n\t<meta property=\"og:image:height\" content=\"584\" \/>\n\t<meta property=\"og:image:type\" content=\"image\/png\" \/>\n<meta name=\"twitter:label1\" content=\"Dur\u00e9e de lecture estim\u00e9e\" \/>\n\t<meta name=\"twitter:data1\" content=\"2 minutes\" \/>\n<script type=\"application\/ld+json\" class=\"yoast-schema-graph\">{\"@context\":\"https:\/\/schema.org\",\"@graph\":[{\"@type\":\"WebPage\",\"@id\":\"https:\/\/www.iqoffices.com\/fr\/on-demand-products\/\",\"url\":\"https:\/\/www.iqoffices.com\/fr\/on-demand-products\/\",\"name\":\"On-Demand Workspaces | Work, Meet & Host with iQ Offices\",\"isPartOf\":{\"@id\":\"https:\/\/www.iqoffices.com\/fr\/#website\"},\"primaryImageOfPage\":{\"@id\":\"https:\/\/www.iqoffices.com\/fr\/on-demand-products\/#primaryimage\"},\"image\":{\"@id\":\"https:\/\/www.iqoffices.com\/fr\/on-demand-products\/#primaryimage\"},\"thumbnailUrl\":\"https:\/\/www.iqoffices.com\/wp-content\/uploads\/2025\/02\/Meeting-Rooms.png\",\"datePublished\":\"2024-12-13T12:02:39+00:00\",\"dateModified\":\"2025-07-17T18:13:56+00:00\",\"description\":\"Book premium meeting rooms, event venues, and short-term workspaces at iQ Offices. Flexible, high-quality spaces when you need them.\",\"breadcrumb\":{\"@id\":\"https:\/\/www.iqoffices.com\/fr\/on-demand-products\/#breadcrumb\"},\"inLanguage\":\"fr-FR\",\"potentialAction\":[{\"@type\":\"ReadAction\",\"target\":[\"https:\/\/www.iqoffices.com\/fr\/on-demand-products\/\"]}]},{\"@type\":\"ImageObject\",\"inLanguage\":\"fr-FR\",\"@id\":\"https:\/\/www.iqoffices.com\/fr\/on-demand-products\/#primaryimage\",\"url\":\"https:\/\/www.iqoffices.com\/wp-content\/uploads\/2025\/02\/Meeting-Rooms.png\",\"contentUrl\":\"https:\/\/www.iqoffices.com\/wp-content\/uploads\/2025\/02\/Meeting-Rooms.png\"},{\"@type\":\"BreadcrumbList\",\"@id\":\"https:\/\/www.iqoffices.com\/fr\/on-demand-products\/#breadcrumb\",\"itemListElement\":[{\"@type\":\"ListItem\",\"position\":1,\"name\":\"Home\",\"item\":\"https:\/\/www.iqoffices.com\/fr\/\"},{\"@type\":\"ListItem\",\"position\":2,\"name\":\"\u00c0 la demande\"}]},{\"@type\":\"WebSite\",\"@id\":\"https:\/\/www.iqoffices.com\/fr\/#website\",\"url\":\"https:\/\/www.iqoffices.com\/fr\/\",\"name\":\"iQ Offices Suites Holdings Inc.\",\"description\":\"\",\"potentialAction\":[{\"@type\":\"SearchAction\",\"target\":{\"@type\":\"EntryPoint\",\"urlTemplate\":\"https:\/\/www.iqoffices.com\/fr\/?s={search_term_string}\"},\"query-input\":{\"@type\":\"PropertyValueSpecification\",\"valueRequired\":true,\"valueName\":\"search_term_string\"}}],\"inLanguage\":\"fr-FR\"}]}<\/script>\n<!-- \/ Yoast SEO plugin. -->","yoast_head_json":{"title":"On-Demand Workspaces | Work, Meet & Host with iQ Offices","description":"Book premium meeting rooms, event venues, and short-term workspaces at iQ Offices. Flexible, high-quality spaces when you need them.","robots":{"index":"index","follow":"follow","max-snippet":"max-snippet:-1","max-image-preview":"max-image-preview:large","max-video-preview":"max-video-preview:-1"},"canonical":"https:\/\/www.iqoffices.com\/fr\/on-demand-products\/","og_locale":"fr_FR","og_type":"article","og_title":"On-Demand Workspaces | Work, Meet & Host with iQ Offices","og_description":"Book premium meeting rooms, event venues, and short-term workspaces at iQ Offices. Flexible, high-quality spaces when you need them.","og_url":"https:\/\/www.iqoffices.com\/fr\/on-demand-products\/","og_site_name":"iQ Offices Suites Holdings Inc.","article_modified_time":"2025-07-17T18:13:56+00:00","og_image":[{"width":875,"height":584,"url":"https:\/\/www.iqoffices.com\/wp-content\/uploads\/2025\/02\/Meeting-Rooms.png","type":"image\/png"}],"twitter_misc":{"Dur\u00e9e de lecture estim\u00e9e":"2 minutes"},"schema":{"@context":"https:\/\/schema.org","@graph":[{"@type":"WebPage","@id":"https:\/\/www.iqoffices.com\/fr\/on-demand-products\/","url":"https:\/\/www.iqoffices.com\/fr\/on-demand-products\/","name":"On-Demand Workspaces | Work, Meet & Host with iQ Offices","isPartOf":{"@id":"https:\/\/www.iqoffices.com\/fr\/#website"},"primaryImageOfPage":{"@id":"https:\/\/www.iqoffices.com\/fr\/on-demand-products\/#primaryimage"},"image":{"@id":"https:\/\/www.iqoffices.com\/fr\/on-demand-products\/#primaryimage"},"thumbnailUrl":"https:\/\/www.iqoffices.com\/wp-content\/uploads\/2025\/02\/Meeting-Rooms.png","datePublished":"2024-12-13T12:02:39+00:00","dateModified":"2025-07-17T18:13:56+00:00","description":"Book premium meeting rooms, event venues, and short-term workspaces at iQ Offices. Flexible, high-quality spaces when you need them.","breadcrumb":{"@id":"https:\/\/www.iqoffices.com\/fr\/on-demand-products\/#breadcrumb"},"inLanguage":"fr-FR","potentialAction":[{"@type":"ReadAction","target":["https:\/\/www.iqoffices.com\/fr\/on-demand-products\/"]}]},{"@type":"ImageObject","inLanguage":"fr-FR","@id":"https:\/\/www.iqoffices.com\/fr\/on-demand-products\/#primaryimage","url":"https:\/\/www.iqoffices.com\/wp-content\/uploads\/2025\/02\/Meeting-Rooms.png","contentUrl":"https:\/\/www.iqoffices.com\/wp-content\/uploads\/2025\/02\/Meeting-Rooms.png"},{"@type":"BreadcrumbList","@id":"https:\/\/www.iqoffices.com\/fr\/on-demand-products\/#breadcrumb","itemListElement":[{"@type":"ListItem","position":1,"name":"Home","item":"https:\/\/www.iqoffices.com\/fr\/"},{"@type":"ListItem","position":2,"name":"\u00c0 la demande"}]},{"@type":"WebSite","@id":"https:\/\/www.iqoffices.com\/fr\/#website","url":"https:\/\/www.iqoffices.com\/fr\/","name":"iQ Offices Suites Holdings Inc.","description":"","potentialAction":[{"@type":"SearchAction","target":{"@type":"EntryPoint","urlTemplate":"https:\/\/www.iqoffices.com\/fr\/?s={search_term_string}"},"query-input":{"@type":"PropertyValueSpecification","valueRequired":true,"valueName":"search_term_string"}}],"inLanguage":"fr-FR"}]}},"_links":{"self":[{"href":"https:\/\/www.iqoffices.com\/fr\/wp-json\/wp\/v2\/pages\/22725","targetHints":{"allow":["GET"]}}],"collection":[{"href":"https:\/\/www.iqoffices.com\/fr\/wp-json\/wp\/v2\/pages"}],"about":[{"href":"https:\/\/www.iqoffices.com\/fr\/wp-json\/wp\/v2\/types\/page"}],"author":[{"embeddable":true,"href":"https:\/\/www.iqoffices.com\/fr\/wp-json\/wp\/v2\/users\/3454"}],"replies":[{"embeddable":true,"href":"https:\/\/www.iqoffices.com\/fr\/wp-json\/wp\/v2\/comments?post=22725"}],"version-history":[{"count":0,"href":"https:\/\/www.iqoffices.com\/fr\/wp-json\/wp\/v2\/pages\/22725\/revisions"}],"wp:attachment":[{"href":"https:\/\/www.iqoffices.com\/fr\/wp-json\/wp\/v2\/media?parent=22725"}],"curies":[{"name":"wp","href":"https:\/\/api.w.org\/{rel}","templated":true}]}}