{"id":22718,"date":"2024-12-18T09:21:30","date_gmt":"2024-12-18T13:21:30","guid":{"rendered":"https:\/\/www.iqoffices.com\/products\/"},"modified":"2025-07-17T14:34:58","modified_gmt":"2025-07-17T18:34:58","slug":"solutions","status":"publish","type":"page","link":"https:\/\/www.iqoffices.com\/fr\/solutions\/","title":{"rendered":"Solutions"},"content":{"rendered":"\t\t<div data-elementor-type=\"wp-page\" data-elementor-id=\"22718\" class=\"elementor elementor-22718 elementor-7408\" data-elementor-post-type=\"page\">\n\t\t\t\t<div class=\"elementor-element elementor-element-210585a her-banner-sldier e-flex e-con-boxed e-con e-parent\" data-id=\"210585a\" data-element_type=\"container\" data-settings=\"{&quot;background_background&quot;:&quot;classic&quot;}\">\n\t\t\t\t\t<div class=\"e-con-inner\">\n\t\t\t\t\t<\/div>\n\t\t\t\t<\/div>\n\t\t<div class=\"elementor-element elementor-element-3cb7da8 e-flex e-con-boxed e-con e-parent\" data-id=\"3cb7da8\" data-element_type=\"container\" data-settings=\"{&quot;background_background&quot;:&quot;classic&quot;}\">\n\t\t\t\t\t<div class=\"e-con-inner\">\n\t\t<div class=\"elementor-element elementor-element-ce7a400 e-con-full e-flex e-con e-child\" data-id=\"ce7a400\" data-element_type=\"container\">\n\t\t\t\t<div class=\"elementor-element elementor-element-b1b8b68 elementor-invisible elementor-widget elementor-widget-heading\" data-id=\"b1b8b68\" data-element_type=\"widget\" data-settings=\"{&quot;_animation&quot;:&quot;fadeInUp&quot;,&quot;_animation_delay&quot;:100}\" data-widget_type=\"heading.default\">\n\t\t\t\t<div class=\"elementor-widget-container\">\n\t\t\t\t\t<h1 class=\"elementor-heading-title elementor-size-default\">Solutions<\/h1>\t\t\t\t<\/div>\n\t\t\t\t<\/div>\n\t\t\t\t<div class=\"elementor-element elementor-element-25c03eb elementor-widget__width-initial elementor-invisible elementor-widget elementor-widget-text-editor\" data-id=\"25c03eb\" data-element_type=\"widget\" data-settings=\"{&quot;_animation&quot;:&quot;fadeInUp&quot;,&quot;_animation_delay&quot;:200}\" data-widget_type=\"text-editor.default\">\n\t\t\t\t<div class=\"elementor-widget-container\">\n\t\t\t\t\t\t\t\t\t<p>Des Bureaux Priv\u00e9s aux Salles de R\u00e9union, en passant par tout un \u00e9ventail de solutions, nos espaces de travail soigneusement con\u00e7us vous offrent la confidentialit\u00e9, les services et les \u00e9quipements dont vous avez besoin pour prosp\u00e9rer. D\u00e9couvrez nos solutions pour trouver celle qui convient le mieux \u00e0 votre \u00e9quipe.<\/p>\t\t\t\t\t\t\t\t<\/div>\n\t\t\t\t<\/div>\n\t\t\t\t<div class=\"elementor-element elementor-element-c852d97 elementor-align-center elementor-mobile-align-center elementor-widget elementor-widget-button\" data-id=\"c852d97\" data-element_type=\"widget\" data-widget_type=\"button.default\">\n\t\t\t\t<div class=\"elementor-widget-container\">\n\t\t\t\t\t\t\t\t\t<div class=\"elementor-button-wrapper\">\n\t\t\t\t\t<a class=\"elementor-button elementor-button-link elementor-size-sm\" href=\"#elementor-action%3Aaction%3Dpopup%3Aopen%26settings%3DeyJpZCI6MjI3NDMsInRvZ2dsZSI6ZmFsc2V9\">\n\t\t\t\t\t\t<span class=\"elementor-button-content-wrapper\">\n\t\t\t\t\t\t\t\t\t<span class=\"elementor-button-text\">Nous joindre<\/span>\n\t\t\t\t\t<\/span>\n\t\t\t\t\t<\/a>\n\t\t\t\t<\/div>\n\t\t\t\t\t\t\t\t<\/div>\n\t\t\t\t<\/div>\n\t\t\t\t<\/div>\n\t\t\t\t\t<\/div>\n\t\t\t\t<\/div>\n\t\t<div class=\"elementor-element elementor-element-12f131c e-flex e-con-boxed e-con e-parent\" data-id=\"12f131c\" data-element_type=\"container\" data-settings=\"{&quot;background_background&quot;:&quot;classic&quot;}\">\n\t\t\t\t\t<div class=\"e-con-inner\">\n\t\t<div class=\"elementor-element elementor-element-56a083b e-con-full elementor-hidden-desktop elementor-hidden-laptop elementor-hidden-tablet elementor-hidden-mobile e-flex elementor-invisible e-con e-child\" data-id=\"56a083b\" data-element_type=\"container\" data-settings=\"{&quot;motion_fx_motion_fx_scrolling&quot;:&quot;yes&quot;,&quot;animation&quot;:&quot;fadeInUp&quot;,&quot;motion_fx_devices&quot;:[&quot;desktop&quot;,&quot;laptop&quot;,&quot;tablet&quot;,&quot;mobile&quot;]}\">\n\t\t\t\t<div class=\"elementor-element elementor-element-7ea9d3a elementor-widget elementor-widget-heading\" data-id=\"7ea9d3a\" data-element_type=\"widget\" data-widget_type=\"heading.default\">\n\t\t\t\t<div class=\"elementor-widget-container\">\n\t\t\t\t\t<h2 class=\"elementor-heading-title elementor-size-default\">Our Exclusive Products<\/h2>\t\t\t\t<\/div>\n\t\t\t\t<\/div>\n\t\t\t\t<\/div>\n\t\t<div class=\"elementor-element elementor-element-5e80fdc e-con-full product-blocks e-flex elementor-invisible e-con e-child\" data-id=\"5e80fdc\" data-element_type=\"container\" data-settings=\"{&quot;motion_fx_motion_fx_scrolling&quot;:&quot;yes&quot;,&quot;animation&quot;:&quot;fadeInUp&quot;,&quot;motion_fx_devices&quot;:[&quot;desktop&quot;,&quot;laptop&quot;,&quot;tablet&quot;,&quot;mobile&quot;]}\">\n\t\t\t\t<div class=\"elementor-element elementor-element-c4c58a7 elementor-widget__width-initial elementor-position-top elementor-widget elementor-widget-image-box\" data-id=\"c4c58a7\" data-element_type=\"widget\" data-widget_type=\"image-box.default\">\n\t\t\t\t<div class=\"elementor-widget-container\">\n\t\t\t\t\t<div class=\"elementor-image-box-wrapper\"><figure class=\"elementor-image-box-img\"><a href=\"https:\/\/www.iqoffices.com\/fr\/private-offices\/\" tabindex=\"-1\"><img fetchpriority=\"high\" decoding=\"async\" width=\"875\" height=\"584\" src=\"https:\/\/www.iqoffices.com\/wp-content\/uploads\/2025\/02\/Private-Offices.png\" class=\"attachment-full size-full wp-image-11417\" alt=\"\" srcset=\"https:\/\/www.iqoffices.com\/wp-content\/uploads\/2025\/02\/Private-Offices.png 875w, https:\/\/www.iqoffices.com\/wp-content\/uploads\/2025\/02\/Private-Offices-300x200.png 300w, https:\/\/www.iqoffices.com\/wp-content\/uploads\/2025\/02\/Private-Offices-768x513.png 768w\" sizes=\"(max-width: 875px) 100vw, 875px\" \/><\/a><\/figure><div class=\"elementor-image-box-content\"><h2 class=\"elementor-image-box-title\"><a href=\"https:\/\/www.iqoffices.com\/fr\/private-offices\/\">Bureaux Priv\u00e9s<\/a><\/h2><p class=\"elementor-image-box-description\">Bureaux priv\u00e9s pr\u00eats \u00e0 emm\u00e9nager pour des \u00e9quipes de toutes tailles.<\/p><\/div><\/div>\t\t\t\t<\/div>\n\t\t\t\t<\/div>\n\t\t\t\t<div class=\"elementor-element elementor-element-25a4a3e elementor-widget__width-initial elementor-position-top elementor-widget elementor-widget-image-box\" data-id=\"25a4a3e\" data-element_type=\"widget\" data-widget_type=\"image-box.default\">\n\t\t\t\t<div class=\"elementor-widget-container\">\n\t\t\t\t\t<div class=\"elementor-image-box-wrapper\"><figure class=\"elementor-image-box-img\"><a href=\"https:\/\/www.iqoffices.com\/fr\/hq-by-iq\/\" tabindex=\"-1\"><img decoding=\"async\" width=\"1007\" height=\"684\" src=\"https:\/\/www.iqoffices.com\/wp-content\/uploads\/2025\/01\/Untitled-design19.png\" class=\"attachment-full size-full wp-image-10996\" alt=\"\" srcset=\"https:\/\/www.iqoffices.com\/wp-content\/uploads\/2025\/01\/Untitled-design19.png 1007w, https:\/\/www.iqoffices.com\/wp-content\/uploads\/2025\/01\/Untitled-design19-300x204.png 300w, https:\/\/www.iqoffices.com\/wp-content\/uploads\/2025\/01\/Untitled-design19-768x522.png 768w\" sizes=\"(max-width: 1007px) 100vw, 1007px\" \/><\/a><\/figure><div class=\"elementor-image-box-content\"><h2 class=\"elementor-image-box-title\"><a href=\"https:\/\/www.iqoffices.com\/fr\/hq-by-iq\/\">HQ par iQ<\/a><\/h2><p class=\"elementor-image-box-description\">Si\u00e8ge social sur mesure, conditions souples et services exclusifs.<\/p><\/div><\/div>\t\t\t\t<\/div>\n\t\t\t\t<\/div>\n\t\t\t\t<div class=\"elementor-element elementor-element-40df9ea elementor-widget__width-initial elementor-hidden-desktop elementor-hidden-laptop elementor-hidden-tablet elementor-hidden-mobile elementor-position-top elementor-widget elementor-widget-image-box\" data-id=\"40df9ea\" data-element_type=\"widget\" data-widget_type=\"image-box.default\">\n\t\t\t\t<div class=\"elementor-widget-container\">\n\t\t\t\t\t<div class=\"elementor-image-box-wrapper\"><figure class=\"elementor-image-box-img\"><a href=\"https:\/\/www.iqoffices.com\/fr\/dedicated-desks\/\" tabindex=\"-1\"><img decoding=\"async\" width=\"525\" height=\"351\" src=\"https:\/\/www.iqoffices.com\/wp-content\/uploads\/2025\/02\/Website-Product-Cards2.png\" class=\"attachment-full size-full wp-image-14481\" alt=\"\" srcset=\"https:\/\/www.iqoffices.com\/wp-content\/uploads\/2025\/02\/Website-Product-Cards2.png 525w, https:\/\/www.iqoffices.com\/wp-content\/uploads\/2025\/02\/Website-Product-Cards2-300x201.png 300w\" sizes=\"(max-width: 525px) 100vw, 525px\" \/><\/a><\/figure><div class=\"elementor-image-box-content\"><h2 class=\"elementor-image-box-title\"><a href=\"https:\/\/www.iqoffices.com\/fr\/dedicated-desks\/\">Postes de Travail D\u00e9di\u00e9s<\/a><\/h2><p class=\"elementor-image-box-description\">Votre poste d\u00e9di\u00e9 dans un espace partag\u00e9 moderne et dynamique.<\/p><\/div><\/div>\t\t\t\t<\/div>\n\t\t\t\t<\/div>\n\t\t\t\t<div class=\"elementor-element elementor-element-34191be elementor-widget__width-initial elementor-position-top elementor-widget elementor-widget-image-box\" data-id=\"34191be\" data-element_type=\"widget\" data-widget_type=\"image-box.default\">\n\t\t\t\t<div class=\"elementor-widget-container\">\n\t\t\t\t\t<div class=\"elementor-image-box-wrapper\"><figure class=\"elementor-image-box-img\"><a href=\"https:\/\/www.iqoffices.com\/fr\/virtual-offices\/\" tabindex=\"-1\"><img loading=\"lazy\" decoding=\"async\" width=\"525\" height=\"351\" src=\"https:\/\/www.iqoffices.com\/wp-content\/uploads\/2025\/02\/Website-Product-Cards-Images1-1.png\" class=\"attachment-full size-full wp-image-14649\" alt=\"\" srcset=\"https:\/\/www.iqoffices.com\/wp-content\/uploads\/2025\/02\/Website-Product-Cards-Images1-1.png 525w, https:\/\/www.iqoffices.com\/wp-content\/uploads\/2025\/02\/Website-Product-Cards-Images1-1-300x201.png 300w\" sizes=\"(max-width: 525px) 100vw, 525px\" \/><\/a><\/figure><div class=\"elementor-image-box-content\"><h2 class=\"elementor-image-box-title\"><a href=\"https:\/\/www.iqoffices.com\/fr\/virtual-offices\/\">Bureaux Virtuels<\/a><\/h2><p class=\"elementor-image-box-description\">Adresse professionnelle de prestige pour \u00e9tablir votre pr\u00e9sence.<\/p><\/div><\/div>\t\t\t\t<\/div>\n\t\t\t\t<\/div>\n\t\t\t\t<div class=\"elementor-element elementor-element-49dc154 elementor-widget__width-initial elementor-position-top elementor-widget elementor-widget-image-box\" data-id=\"49dc154\" data-element_type=\"widget\" data-widget_type=\"image-box.default\">\n\t\t\t\t<div class=\"elementor-widget-container\">\n\t\t\t\t\t<div class=\"elementor-image-box-wrapper\"><figure class=\"elementor-image-box-img\"><a href=\"https:\/\/www.iqoffices.com\/fr\/meeting-rooms\/\" tabindex=\"-1\"><img loading=\"lazy\" decoding=\"async\" width=\"875\" height=\"584\" src=\"https:\/\/www.iqoffices.com\/wp-content\/uploads\/2025\/02\/Meeting-Rooms.png\" class=\"attachment-full size-full wp-image-11416\" alt=\"\" srcset=\"https:\/\/www.iqoffices.com\/wp-content\/uploads\/2025\/02\/Meeting-Rooms.png 875w, https:\/\/www.iqoffices.com\/wp-content\/uploads\/2025\/02\/Meeting-Rooms-300x200.png 300w, https:\/\/www.iqoffices.com\/wp-content\/uploads\/2025\/02\/Meeting-Rooms-768x513.png 768w\" sizes=\"(max-width: 875px) 100vw, 875px\" \/><\/a><\/figure><div class=\"elementor-image-box-content\"><h2 class=\"elementor-image-box-title\"><a href=\"https:\/\/www.iqoffices.com\/fr\/meeting-rooms\/\">Salles de R\u00e9union<\/a><\/h2><p class=\"elementor-image-box-description\">Salles de r\u00e9union \u00e9quip\u00e9es pour toutes vos rencontres d\u2019affaires.<\/p><\/div><\/div>\t\t\t\t<\/div>\n\t\t\t\t<\/div>\n\t\t\t\t<div class=\"elementor-element elementor-element-28148c3 elementor-widget__width-initial elementor-position-top elementor-widget elementor-widget-image-box\" data-id=\"28148c3\" data-element_type=\"widget\" data-widget_type=\"image-box.default\">\n\t\t\t\t<div class=\"elementor-widget-container\">\n\t\t\t\t\t<div class=\"elementor-image-box-wrapper\"><figure class=\"elementor-image-box-img\"><a href=\"https:\/\/www.iqoffices.com\/fr\/sprint-spaces\/\" tabindex=\"-1\"><img loading=\"lazy\" decoding=\"async\" width=\"1500\" height=\"969\" src=\"https:\/\/www.iqoffices.com\/wp-content\/uploads\/2025\/01\/DSC2188.jpg\" class=\"attachment-full size-full wp-image-9803\" alt=\"\" srcset=\"https:\/\/www.iqoffices.com\/wp-content\/uploads\/2025\/01\/DSC2188.jpg 1500w, https:\/\/www.iqoffices.com\/wp-content\/uploads\/2025\/01\/DSC2188-300x194.jpg 300w, https:\/\/www.iqoffices.com\/wp-content\/uploads\/2025\/01\/DSC2188-1024x662.jpg 1024w, https:\/\/www.iqoffices.com\/wp-content\/uploads\/2025\/01\/DSC2188-768x496.jpg 768w\" sizes=\"(max-width: 1500px) 100vw, 1500px\" \/><\/a><\/figure><div class=\"elementor-image-box-content\"><h2 class=\"elementor-image-box-title\"><a href=\"https:\/\/www.iqoffices.com\/fr\/sprint-spaces\/\">Espaces Sprint<\/a><\/h2><p class=\"elementor-image-box-description\">Espaces flexibles \u00e0 court terme, parfaits pour vos sprints pro.<\/p><\/div><\/div>\t\t\t\t<\/div>\n\t\t\t\t<\/div>\n\t\t\t\t<div class=\"elementor-element elementor-element-1374b68 elementor-widget__width-initial elementor-position-top elementor-widget elementor-widget-image-box\" data-id=\"1374b68\" data-element_type=\"widget\" data-widget_type=\"image-box.default\">\n\t\t\t\t<div class=\"elementor-widget-container\">\n\t\t\t\t\t<div class=\"elementor-image-box-wrapper\"><figure class=\"elementor-image-box-img\"><a href=\"https:\/\/www.iqoffices.com\/fr\/event-venues\/\" tabindex=\"-1\"><img loading=\"lazy\" decoding=\"async\" width=\"875\" height=\"584\" src=\"https:\/\/www.iqoffices.com\/wp-content\/uploads\/2025\/02\/Event-Venues-King-York-Terrace.png\" class=\"attachment-full size-full wp-image-11415\" alt=\"\" srcset=\"https:\/\/www.iqoffices.com\/wp-content\/uploads\/2025\/02\/Event-Venues-King-York-Terrace.png 875w, https:\/\/www.iqoffices.com\/wp-content\/uploads\/2025\/02\/Event-Venues-King-York-Terrace-300x200.png 300w, https:\/\/www.iqoffices.com\/wp-content\/uploads\/2025\/02\/Event-Venues-King-York-Terrace-768x513.png 768w\" sizes=\"(max-width: 875px) 100vw, 875px\" \/><\/a><\/figure><div class=\"elementor-image-box-content\"><h2 class=\"elementor-image-box-title\"><a href=\"https:\/\/www.iqoffices.com\/fr\/event-venues\/\">Espaces \u00c9v\u00e9nementiels<\/a><\/h2><p class=\"elementor-image-box-description\">Lieux polyvalents pour organiser vos \u00e9v\u00e9nements pro ou priv\u00e9s.<\/p><\/div><\/div>\t\t\t\t<\/div>\n\t\t\t\t<\/div>\n\t\t\t\t<div class=\"elementor-element elementor-element-7a3b3c6 elementor-widget__width-initial elementor-position-top elementor-widget elementor-widget-image-box\" data-id=\"7a3b3c6\" data-element_type=\"widget\" data-widget_type=\"image-box.default\">\n\t\t\t\t<div class=\"elementor-widget-container\">\n\t\t\t\t\t<div class=\"elementor-image-box-wrapper\"><figure class=\"elementor-image-box-img\"><a href=\"https:\/\/www.iqoffices.com\/fr\/day-offices\/\" tabindex=\"-1\"><img loading=\"lazy\" decoding=\"async\" width=\"805\" height=\"538\" src=\"https:\/\/www.iqoffices.com\/wp-content\/uploads\/2025\/04\/Website-Product-Cards-Images2.webp\" class=\"attachment-full size-full wp-image-19276\" alt=\"\" srcset=\"https:\/\/www.iqoffices.com\/wp-content\/uploads\/2025\/04\/Website-Product-Cards-Images2.webp 805w, https:\/\/www.iqoffices.com\/wp-content\/uploads\/2025\/04\/Website-Product-Cards-Images2-300x200.webp 300w, https:\/\/www.iqoffices.com\/wp-content\/uploads\/2025\/04\/Website-Product-Cards-Images2-768x513.webp 768w\" sizes=\"(max-width: 805px) 100vw, 805px\" \/><\/a><\/figure><div class=\"elementor-image-box-content\"><h2 class=\"elementor-image-box-title\"><a href=\"https:\/\/www.iqoffices.com\/fr\/day-offices\/\">Bureaux \u00e0 la Journ\u00e9e<\/a><\/h2><p class=\"elementor-image-box-description\">Espace de travail haut de gamme \u00e0 la journ\u00e9e, tout \u00e9quip\u00e9.<\/p><\/div><\/div>\t\t\t\t<\/div>\n\t\t\t\t<\/div>\n\t\t\t\t<\/div>\n\t\t\t\t\t<\/div>\n\t\t\t\t<\/div>\n\t\t\t\t<\/div>\n\t\t","protected":false},"excerpt":{"rendered":"<p>Solutions Des Bureaux Priv\u00e9s aux Salles de R\u00e9union, en passant par tout un \u00e9ventail de solutions, nos espaces de travail soigneusement con\u00e7us vous offrent la confidentialit\u00e9, les services et les \u00e9quipements dont vous avez besoin pour prosp\u00e9rer. D\u00e9couvrez nos solutions pour trouver celle qui convient le mieux \u00e0 votre \u00e9quipe. Nous joindre Our Exclusive Products [&hellip;]<\/p>\n","protected":false},"author":3454,"featured_media":0,"parent":0,"menu_order":0,"comment_status":"closed","ping_status":"closed","template":"","meta":{"_acf_changed":false,"content-type":"","inline_featured_image":false,"footnotes":""},"class_list":["post-22718","page","type-page","status-publish","hentry"],"acf":[],"yoast_head":"<!-- This site is optimized with the Yoast SEO plugin v25.2 - https:\/\/yoast.com\/wordpress\/plugins\/seo\/ -->\n<title>iQ Offices Products | Flexible Workspace Solutions<\/title>\n<meta name=\"description\" content=\"Explore private offices, meeting rooms, virtual offices, and more. iQ Offices offers flexible workspaces designed for teams of all sizes.\" \/>\n<meta name=\"robots\" content=\"index, follow, max-snippet:-1, max-image-preview:large, max-video-preview:-1\" \/>\n<link rel=\"canonical\" href=\"https:\/\/www.iqoffices.com\/fr\/solutions\/\" \/>\n<meta property=\"og:locale\" content=\"fr_FR\" \/>\n<meta property=\"og:type\" content=\"article\" \/>\n<meta property=\"og:title\" content=\"iQ Offices Products | Flexible Workspace Solutions\" \/>\n<meta property=\"og:description\" content=\"Explore private offices, meeting rooms, virtual offices, and more. iQ Offices offers flexible workspaces designed for teams of all sizes.\" \/>\n<meta property=\"og:url\" content=\"https:\/\/www.iqoffices.com\/fr\/solutions\/\" \/>\n<meta property=\"og:site_name\" content=\"iQ Offices Suites Holdings Inc.\" \/>\n<meta property=\"article:modified_time\" content=\"2025-07-17T18:34:58+00:00\" \/>\n<meta property=\"og:image\" content=\"https:\/\/www.iqoffices.com\/wp-content\/uploads\/2025\/02\/Private-Offices.png\" \/>\n\t<meta property=\"og:image:width\" content=\"875\" \/>\n\t<meta property=\"og:image:height\" content=\"584\" \/>\n\t<meta property=\"og:image:type\" content=\"image\/png\" \/>\n<meta name=\"twitter:label1\" content=\"Dur\u00e9e de lecture estim\u00e9e\" \/>\n\t<meta name=\"twitter:data1\" content=\"3 minutes\" \/>\n<script type=\"application\/ld+json\" class=\"yoast-schema-graph\">{\"@context\":\"https:\/\/schema.org\",\"@graph\":[{\"@type\":\"WebPage\",\"@id\":\"https:\/\/www.iqoffices.com\/fr\/solutions\/\",\"url\":\"https:\/\/www.iqoffices.com\/fr\/solutions\/\",\"name\":\"iQ Offices Products | Flexible Workspace Solutions\",\"isPartOf\":{\"@id\":\"https:\/\/www.iqoffices.com\/fr\/#website\"},\"primaryImageOfPage\":{\"@id\":\"https:\/\/www.iqoffices.com\/fr\/solutions\/#primaryimage\"},\"image\":{\"@id\":\"https:\/\/www.iqoffices.com\/fr\/solutions\/#primaryimage\"},\"thumbnailUrl\":\"https:\/\/www.iqoffices.com\/wp-content\/uploads\/2025\/02\/Private-Offices.png\",\"datePublished\":\"2024-12-18T13:21:30+00:00\",\"dateModified\":\"2025-07-17T18:34:58+00:00\",\"description\":\"Explore private offices, meeting rooms, virtual offices, and more. iQ Offices offers flexible workspaces designed for teams of all sizes.\",\"breadcrumb\":{\"@id\":\"https:\/\/www.iqoffices.com\/fr\/solutions\/#breadcrumb\"},\"inLanguage\":\"fr-FR\",\"potentialAction\":[{\"@type\":\"ReadAction\",\"target\":[\"https:\/\/www.iqoffices.com\/fr\/solutions\/\"]}]},{\"@type\":\"ImageObject\",\"inLanguage\":\"fr-FR\",\"@id\":\"https:\/\/www.iqoffices.com\/fr\/solutions\/#primaryimage\",\"url\":\"https:\/\/www.iqoffices.com\/wp-content\/uploads\/2025\/02\/Private-Offices.png\",\"contentUrl\":\"https:\/\/www.iqoffices.com\/wp-content\/uploads\/2025\/02\/Private-Offices.png\"},{\"@type\":\"BreadcrumbList\",\"@id\":\"https:\/\/www.iqoffices.com\/fr\/solutions\/#breadcrumb\",\"itemListElement\":[{\"@type\":\"ListItem\",\"position\":1,\"name\":\"Home\",\"item\":\"https:\/\/www.iqoffices.com\/fr\/\"},{\"@type\":\"ListItem\",\"position\":2,\"name\":\"Solutions\"}]},{\"@type\":\"WebSite\",\"@id\":\"https:\/\/www.iqoffices.com\/fr\/#website\",\"url\":\"https:\/\/www.iqoffices.com\/fr\/\",\"name\":\"iQ Offices Suites Holdings Inc.\",\"description\":\"\",\"potentialAction\":[{\"@type\":\"SearchAction\",\"target\":{\"@type\":\"EntryPoint\",\"urlTemplate\":\"https:\/\/www.iqoffices.com\/fr\/?s={search_term_string}\"},\"query-input\":{\"@type\":\"PropertyValueSpecification\",\"valueRequired\":true,\"valueName\":\"search_term_string\"}}],\"inLanguage\":\"fr-FR\"}]}<\/script>\n<!-- \/ Yoast SEO plugin. -->","yoast_head_json":{"title":"iQ Offices Products | Flexible Workspace Solutions","description":"Explore private offices, meeting rooms, virtual offices, and more. iQ Offices offers flexible workspaces designed for teams of all sizes.","robots":{"index":"index","follow":"follow","max-snippet":"max-snippet:-1","max-image-preview":"max-image-preview:large","max-video-preview":"max-video-preview:-1"},"canonical":"https:\/\/www.iqoffices.com\/fr\/solutions\/","og_locale":"fr_FR","og_type":"article","og_title":"iQ Offices Products | Flexible Workspace Solutions","og_description":"Explore private offices, meeting rooms, virtual offices, and more. iQ Offices offers flexible workspaces designed for teams of all sizes.","og_url":"https:\/\/www.iqoffices.com\/fr\/solutions\/","og_site_name":"iQ Offices Suites Holdings Inc.","article_modified_time":"2025-07-17T18:34:58+00:00","og_image":[{"width":875,"height":584,"url":"https:\/\/www.iqoffices.com\/wp-content\/uploads\/2025\/02\/Private-Offices.png","type":"image\/png"}],"twitter_misc":{"Dur\u00e9e de lecture estim\u00e9e":"3 minutes"},"schema":{"@context":"https:\/\/schema.org","@graph":[{"@type":"WebPage","@id":"https:\/\/www.iqoffices.com\/fr\/solutions\/","url":"https:\/\/www.iqoffices.com\/fr\/solutions\/","name":"iQ Offices Products | Flexible Workspace Solutions","isPartOf":{"@id":"https:\/\/www.iqoffices.com\/fr\/#website"},"primaryImageOfPage":{"@id":"https:\/\/www.iqoffices.com\/fr\/solutions\/#primaryimage"},"image":{"@id":"https:\/\/www.iqoffices.com\/fr\/solutions\/#primaryimage"},"thumbnailUrl":"https:\/\/www.iqoffices.com\/wp-content\/uploads\/2025\/02\/Private-Offices.png","datePublished":"2024-12-18T13:21:30+00:00","dateModified":"2025-07-17T18:34:58+00:00","description":"Explore private offices, meeting rooms, virtual offices, and more. iQ Offices offers flexible workspaces designed for teams of all sizes.","breadcrumb":{"@id":"https:\/\/www.iqoffices.com\/fr\/solutions\/#breadcrumb"},"inLanguage":"fr-FR","potentialAction":[{"@type":"ReadAction","target":["https:\/\/www.iqoffices.com\/fr\/solutions\/"]}]},{"@type":"ImageObject","inLanguage":"fr-FR","@id":"https:\/\/www.iqoffices.com\/fr\/solutions\/#primaryimage","url":"https:\/\/www.iqoffices.com\/wp-content\/uploads\/2025\/02\/Private-Offices.png","contentUrl":"https:\/\/www.iqoffices.com\/wp-content\/uploads\/2025\/02\/Private-Offices.png"},{"@type":"BreadcrumbList","@id":"https:\/\/www.iqoffices.com\/fr\/solutions\/#breadcrumb","itemListElement":[{"@type":"ListItem","position":1,"name":"Home","item":"https:\/\/www.iqoffices.com\/fr\/"},{"@type":"ListItem","position":2,"name":"Solutions"}]},{"@type":"WebSite","@id":"https:\/\/www.iqoffices.com\/fr\/#website","url":"https:\/\/www.iqoffices.com\/fr\/","name":"iQ Offices Suites Holdings Inc.","description":"","potentialAction":[{"@type":"SearchAction","target":{"@type":"EntryPoint","urlTemplate":"https:\/\/www.iqoffices.com\/fr\/?s={search_term_string}"},"query-input":{"@type":"PropertyValueSpecification","valueRequired":true,"valueName":"search_term_string"}}],"inLanguage":"fr-FR"}]}},"_links":{"self":[{"href":"https:\/\/www.iqoffices.com\/fr\/wp-json\/wp\/v2\/pages\/22718","targetHints":{"allow":["GET"]}}],"collection":[{"href":"https:\/\/www.iqoffices.com\/fr\/wp-json\/wp\/v2\/pages"}],"about":[{"href":"https:\/\/www.iqoffices.com\/fr\/wp-json\/wp\/v2\/types\/page"}],"author":[{"embeddable":true,"href":"https:\/\/www.iqoffices.com\/fr\/wp-json\/wp\/v2\/users\/3454"}],"replies":[{"embeddable":true,"href":"https:\/\/www.iqoffices.com\/fr\/wp-json\/wp\/v2\/comments?post=22718"}],"version-history":[{"count":0,"href":"https:\/\/www.iqoffices.com\/fr\/wp-json\/wp\/v2\/pages\/22718\/revisions"}],"wp:attachment":[{"href":"https:\/\/www.iqoffices.com\/fr\/wp-json\/wp\/v2\/media?parent=22718"}],"curies":[{"name":"wp","href":"https:\/\/api.w.org\/{rel}","templated":true}]}}